{"id":6003,"date":"2024-03-27T11:59:24","date_gmt":"2024-03-27T11:59:24","guid":{"rendered":"https:\/\/cicee.autonoma.pt\/?page_id=6003"},"modified":"2026-02-27T14:02:43","modified_gmt":"2026-02-27T14:02:43","slug":"projeto-de-investigacao-fco-javier-sastre","status":"publish","type":"page","link":"https:\/\/cicee.autonoma.pt\/en\/projeto-de-investigacao-fco-javier-sastre\/","title":{"rendered":"Projeto de investiga\u00e7\u00e3o &#8211; Fco. Javier Sastre"},"content":{"rendered":"<h1><strong>Projeto de investiga\u00e7\u00e3o &#8211; Francisco Javier Sastre<\/strong><\/h1>\n<div>\n<p><strong>Documentos<\/strong><\/p>\n<ul>\n<li><a href=\"https:\/\/cicee.autonoma.pt\/wp-content\/uploads\/2026\/02\/Research-project-FJS-2.pdf\" target=\"_blank\" rel=\"noopener\">Projeto p\u00f3s-doc<\/a><\/li>\n<\/ul>\n<\/div>\n<div>\n<p style=\"text-align: center;\">\u00a0\u00a0<\/p>\n<p style=\"text-align: center;\"><a href=\"https:\/\/cicee.autonoma.pt\/investigacao\/projectos-de-investigacao-candidatos\/\">Projetos de investiga\u00e7\u00e3o<\/a><\/p>\n<\/div>\n<p><!--more--><br \/>\n<!-- {\"type\":\"layout\",\"children\":[{\"type\":\"section\",\"props\":{\"image_position\":\"center-center\",\"style\":\"default\",\"title_breakpoint\":\"xl\",\"title_position\":\"top-left\",\"title_rotation\":\"left\",\"vertical_align\":\"middle\",\"width\":\"default\"},\"children\":[{\"type\":\"row\",\"children\":[{\"type\":\"column\",\"props\":{\"image_position\":\"center-center\",\"position_sticky_breakpoint\":\"m\"},\"children\":[{\"type\":\"headline\",\"props\":{\"content\":\"<strong>Projeto de investiga\\u00e7\\u00e3o - Francisco Javier Sastre<\\\/strong>\",\"title_element\":\"h1\"}},{\"type\":\"text\",\"props\":{\"column_breakpoint\":\"m\",\"content\":\"\n\n<p><strong>Documentos<\\\/strong><\\\/p>\\n\n\n<ul>\\n\n\n<li><a href=\\\"https:\\\/\\\/cicee.autonoma.pt\\\/wp-content\\\/uploads\\\/2026\\\/02\\\/Research-project-FJS-2.pdf\\\" target=\\\"_blank\\\" rel=\\\"noopener\\\">Projeto p\\u00f3s-doc<\\\/a><\\\/li>\\n<\\\/ul>\",\"margin\":\"default\"}},{\"type\":\"text\",\"props\":{\"column_breakpoint\":\"m\",\"content\":\"\n\n<p style=\\\"text-align: center;\\\">\\u00a0\\u00a0<\\\/p>\\n\n\n<p style=\\\"text-align: center;\\\"><a href=\\\"https:\\\/\\\/cicee.autonoma.pt\\\/investigacao\\\/projectos-de-investigacao-candidatos\\\/\\\">Projetos de investiga\\u00e7\\u00e3o<\\\/a><\\\/p>\",\"margin\":\"default\"}}]}]}]}],\"version\":\"4.3.5\"} --><\/p>\n","protected":false},"excerpt":{"rendered":"<p>Projeto de investiga\u00e7\u00e3o &#8211; Francisco Javier Sastre Documentos Projeto p\u00f3s-doc \u00a0\u00a0 Projetos de investiga\u00e7\u00e3o<\/p>\n","protected":false},"author":45,"featured_media":0,"parent":0,"menu_order":13,"comment_status":"closed","ping_status":"closed","template":"","meta":{"_acf_changed":false,"footnotes":""},"class_list":["post-6003","page","type-page","status-publish","hentry"],"acf":[],"_links":{"self":[{"href":"https:\/\/cicee.autonoma.pt\/en\/wp-json\/wp\/v2\/pages\/6003","targetHints":{"allow":["GET"]}}],"collection":[{"href":"https:\/\/cicee.autonoma.pt\/en\/wp-json\/wp\/v2\/pages"}],"about":[{"href":"https:\/\/cicee.autonoma.pt\/en\/wp-json\/wp\/v2\/types\/page"}],"author":[{"embeddable":true,"href":"https:\/\/cicee.autonoma.pt\/en\/wp-json\/wp\/v2\/users\/45"}],"replies":[{"embeddable":true,"href":"https:\/\/cicee.autonoma.pt\/en\/wp-json\/wp\/v2\/comments?post=6003"}],"version-history":[{"count":1,"href":"https:\/\/cicee.autonoma.pt\/en\/wp-json\/wp\/v2\/pages\/6003\/revisions"}],"predecessor-version":[{"id":6012,"href":"https:\/\/cicee.autonoma.pt\/en\/wp-json\/wp\/v2\/pages\/6003\/revisions\/6012"}],"wp:attachment":[{"href":"https:\/\/cicee.autonoma.pt\/en\/wp-json\/wp\/v2\/media?parent=6003"}],"curies":[{"name":"wp","href":"https:\/\/api.w.org\/{rel}","templated":true}]}}