{"id":5139,"date":"2024-03-27T09:31:39","date_gmt":"2024-03-27T09:31:39","guid":{"rendered":"https:\/\/cicee.autonoma.pt\/protocolo-cmvm-ceu\/"},"modified":"2024-03-27T11:08:49","modified_gmt":"2024-03-27T11:08:49","slug":"protocolo-cmvm-ceu","status":"publish","type":"page","link":"https:\/\/cicee.autonoma.pt\/en\/protocolo-cmvm-ceu\/","title":{"rendered":"Protocol CMVM &#8211; CEU"},"content":{"rendered":"<h1><strong>Protocol: CMVM &#8211; CEU<\/strong><\/h1>\n<div>\n<p><strong>General Conditions for Access to and Use of Data<\/strong><\/p>\n<p>The protocol establishes the conditions for access and use by CICEE researchers of research resources, namely survey data and questionnaires, available under the CMVM &#8211; CEU Protocol in force.<br \/>The request for access to and use of the research resources available under the CMVM &#8211; CEU Protocol can be made by any permanent and\/or guest researcher(s) at CICEE involved in a project(s) within the &#8220;Structure and Functioning of the Portuguese Capital Market&#8221; line of research already active at the Centre.<br \/>In accordance with the provisions of the protocol, the request for access to and use of the resources is made by completing the &#8220;Declaration of consent of the researcher as a result of the registration of the subject under study with the CMVM&#8221;, under the terms of paragraph 1. of Clause 11 of the Protocol (Annex I), and the &#8220;Declaration of confidentiality and duties to be fulfilled by the Researcher&#8221; (paragraph 3. of Clause 12 of the Protocol (Annex II), both to be sent in PDF format via e-mail: cicee@autonoma.pt for registration with the CICEE.<\/p>\n<\/div>\n<div>\n<p><strong>Documents<\/strong><\/p>\n<ul>\n<li><a href=\"https:\/\/cicee.autonoma.pt\/wp-content\/uploads\/2024\/03\/Protocolo-CEU-CMVM_2021.pdf\" target=\"_blank\" rel=\"noopener\">Protocolo de colabora\u00e7\u00e3o para a promo\u00e7\u00e3o de \u201cEstudos sobre o investidor em instrumentos financeiros\u201d (Collaboration protocol to promote &#8220;Studies on investors in financial instruments&#8221;)<\/a><\/li>\n<\/ul>\n<\/div>\n<div>\n<p>\u00a0<\/p>\n<p style=\"text-align: center;\"><a href=\"https:\/\/cicee.autonoma.pt\/en\/informacoes-para-investigadores\/\">Partnerships \/ Protocols<\/a><\/p>\n<\/div>\n<p><!--more--><br \/>\n<!-- {\"type\":\"layout\",\"children\":[{\"type\":\"section\",\"props\":{\"image_position\":\"center-center\",\"style\":\"default\",\"title_breakpoint\":\"xl\",\"title_position\":\"top-left\",\"title_rotation\":\"left\",\"vertical_align\":\"middle\",\"width\":\"default\"},\"children\":[{\"type\":\"row\",\"children\":[{\"type\":\"column\",\"props\":{\"image_position\":\"center-center\",\"position_sticky_breakpoint\":\"m\"},\"children\":[{\"type\":\"headline\",\"props\":{\"content\":\"<strong>Protocol: CMVM - CEU<\\\/strong>\",\"title_element\":\"h1\"}},{\"type\":\"text\",\"props\":{\"column_breakpoint\":\"m\",\"content\":\"\n\n<p><strong>General Conditions for Access to and Use of Data<\\\/strong><\\\/p>\\n\n\n<p>The protocol establishes the conditions for access and use by CICEE researchers of research resources, namely survey data and questionnaires, available under the CMVM - CEU Protocol in force.<br \\\/>The request for access to and use of the research resources available under the CMVM - CEU Protocol can be made by any permanent and\\\/or guest researcher(s) at CICEE involved in a project(s) within the \\\"Structure and Functioning of the Portuguese Capital Market\\\" line of research already active at the Centre.<br \\\/>In accordance with the provisions of the protocol, the request for access to and use of the resources is made by completing the \\\"Declaration of consent of the researcher as a result of the registration of the subject under study with the CMVM\\\", under the terms of paragraph 1. of Clause 11 of the Protocol (Annex I), and the \\\"Declaration of confidentiality and duties to be fulfilled by the Researcher\\\" (paragraph 3. of Clause 12 of the Protocol (Annex II), both to be sent in PDF format via e-mail: cicee@autonoma.pt for registration with the CICEE.<\\\/p>\",\"margin\":\"default\"}},{\"type\":\"text\",\"props\":{\"column_breakpoint\":\"m\",\"content\":\"\n\n<p><strong>Documents<\\\/strong><\\\/p>\\n\n\n<ul>\\n\n\n<li><a href=\\\"https:\\\/\\\/cicee.autonoma.pt\\\/wp-content\\\/uploads\\\/2024\\\/03\\\/Protocolo-CEU-CMVM_2021.pdf\\\" target=\\\"_blank\\\" rel=\\\"noopener\\\">Protocolo de colabora\\u00e7\\u00e3o para a promo\\u00e7\\u00e3o de \\u201cEstudos sobre o investidor em instrumentos financeiros\\u201d (Collaboration protocol to promote \\\"Studies on investors in financial instruments\\\")<\\\/a><\\\/li>\\n<\\\/ul>\",\"margin\":\"default\"}},{\"type\":\"text\",\"props\":{\"column_breakpoint\":\"m\",\"content\":\"\n\n<p>\\u00a0<\\\/p>\\n\n\n<p style=\\\"text-align: center;\\\"><a href=\\\"https:\\\/\\\/cicee.autonoma.pt\\\/en\\\/informacoes-para-investigadores\\\/\\\">Partnerships \\\/ Protocols<\\\/a><\\\/p>\",\"margin\":\"default\"}}]}]}]}],\"version\":\"4.3.5\"} --><\/p>\n","protected":false},"excerpt":{"rendered":"<p>Protocol: CMVM &#8211; CEU General Conditions for Access to and Use of Data The protocol establishes the conditions for access and use by CICEE researchers of research resources, namely survey data and questionnaires, available under the CMVM &#8211; CEU Protocol in force.The request for access to and use of the research resources available under the [&hellip;]<\/p>\n","protected":false},"author":45,"featured_media":0,"parent":0,"menu_order":16,"comment_status":"closed","ping_status":"closed","template":"","meta":{"_acf_changed":false,"footnotes":""},"class_list":["post-5139","page","type-page","status-publish","hentry"],"acf":[],"_links":{"self":[{"href":"https:\/\/cicee.autonoma.pt\/en\/wp-json\/wp\/v2\/pages\/5139","targetHints":{"allow":["GET"]}}],"collection":[{"href":"https:\/\/cicee.autonoma.pt\/en\/wp-json\/wp\/v2\/pages"}],"about":[{"href":"https:\/\/cicee.autonoma.pt\/en\/wp-json\/wp\/v2\/types\/page"}],"author":[{"embeddable":true,"href":"https:\/\/cicee.autonoma.pt\/en\/wp-json\/wp\/v2\/users\/45"}],"replies":[{"embeddable":true,"href":"https:\/\/cicee.autonoma.pt\/en\/wp-json\/wp\/v2\/comments?post=5139"}],"version-history":[{"count":1,"href":"https:\/\/cicee.autonoma.pt\/en\/wp-json\/wp\/v2\/pages\/5139\/revisions"}],"predecessor-version":[{"id":5250,"href":"https:\/\/cicee.autonoma.pt\/en\/wp-json\/wp\/v2\/pages\/5139\/revisions\/5250"}],"wp:attachment":[{"href":"https:\/\/cicee.autonoma.pt\/en\/wp-json\/wp\/v2\/media?parent=5139"}],"curies":[{"name":"wp","href":"https:\/\/api.w.org\/{rel}","templated":true}]}}