{"id":4613,"date":"2021-09-27T18:06:35","date_gmt":"2021-09-27T17:06:35","guid":{"rendered":"https:\/\/cicee.autonoma.pt\/?page_id=4613"},"modified":"2024-03-27T09:42:19","modified_gmt":"2024-03-27T09:42:19","slug":"area-reservada-em-desenvolvimento","status":"publish","type":"page","link":"https:\/\/cicee.autonoma.pt\/en\/area-reservada\/area-reservada-em-desenvolvimento\/","title":{"rendered":"Informa\u00e7\u00e3o para Investigadores &#8211; CICEE"},"content":{"rendered":"<h1><strong>Informa\u00e7\u00e3o para investigadores<\/strong><\/h1>\n<div>\n<ul>\n<li style=\"font-weight: 400;\" aria-level=\"2\"><strong>Parcerias<\/strong>\n<ul>\n<li style=\"font-weight: 400;\" aria-level=\"3\"><span style=\"font-weight: 400;\">CEGE<\/span><\/li>\n<li style=\"font-weight: 400;\" aria-level=\"3\"><span style=\"font-weight: 400;\">GOVCOPP<\/span><\/li>\n<li style=\"font-weight: 400;\" aria-level=\"3\"><span style=\"font-weight: 400;\">ISTAR<\/span><strong><\/strong><\/li>\n<\/ul>\n<\/li>\n<\/ul>\n<\/div>\n<div>\n<ul>\n<li style=\"font-weight: 400;\" aria-level=\"2\"><strong>Protocolos<\/strong>\n<ul>\n<li style=\"font-weight: 400;\" aria-level=\"3\"><a href=\"https:\/\/cicee.autonoma.pt\/protocolo-cmvm-ceu\/\"><span style=\"font-weight: 400;\">CMVM \u2013 CEU<\/span><\/a><\/li>\n<\/ul>\n<\/li>\n<\/ul>\n<ul>\n<li style=\"font-weight: 400;\" aria-level=\"3\"><strong>BPlim<\/strong><\/li>\n<\/ul>\n<p><span style=\"font-weight: 400;\">Condi\u00e7\u00f5es Gerais de Acesso \u00e0 utiliza\u00e7\u00e3o da BPlim<\/span><\/p>\n<p><span style=\"font-weight: 400;\">A dinamiza\u00e7\u00e3o do desenvolvimento de um clima de investiga\u00e7\u00e3o entre a comunidade acad\u00e9mica da UAL na \u00e1rea das Ci\u00eancias Econ\u00f3micas e Empresariais que estimule a produ\u00e7\u00e3o cient\u00edfica e a sua publica\u00e7\u00e3o, constitui um imperativo institucional, quer em termos da acredita\u00e7\u00e3o e da avalia\u00e7\u00e3o de programas de 2\u00ba e 3\u00ba ciclos, quer da avalia\u00e7\u00e3o pela FCT da atividade cient\u00edfica dos investigadores integrados no CICEE e consequentemente dessa componente da sua carreira docente.<\/span><\/p>\n<p><span style=\"font-weight: 400;\">Estatutariamente o Centro tem entre os seus principais objetivos:<\/span><\/p>\n<p><span style=\"font-weight: 400;\">\u201cA produ\u00e7\u00e3o e difus\u00e3o de projetos de investiga\u00e7\u00e3o, privilegiando a multidisciplinaridade das diversas \u00e1reas das Ci\u00eancias Econ\u00f3micas e Empresariais e a intera\u00e7\u00e3o com outras \u00e1reas do conhecimento cient\u00edfico\u201d, e \u201cA promo\u00e7\u00e3o e o apoio ao desenvolvimento de atividades e projetos de investiga\u00e7\u00e3o cient\u00edfica, individuais e coletivos, incluindo os decorrentes de disserta\u00e7\u00f5es de mestrado, teses de doutoramento e trabalhos de p\u00f3s-doutoramento, no \u00e2mbito das ci\u00eancias econ\u00f3micas e empresariais, e a articula\u00e7\u00e3o e promo\u00e7\u00e3o de sinergias entre linhas de investiga\u00e7\u00e3o j\u00e1 existentes na UAL\u201d.<\/span><\/p>\n<p><span style=\"font-weight: 400;\">Tendo em vista o cumprimento dos supracitados objetivos, o Centro estabeleceu um Protocolo com o Banco de Portugal para disponibilizar aos seus investigadores acesso \u00e0 utiliza\u00e7\u00e3o de \u201cMicrodata Research Laboratory (BPlim) Data\u201d.<\/span><\/p>\n<p><span style=\"font-weight: 400;\">O presente Regulamento descreve as condi\u00e7\u00f5es de utiliza\u00e7\u00e3o pelos investigadores permanentes e convidados do CICEE de dados da \u201cBPlim\u201d, as quais decorrem da vers\u00e3o de 26 de setembro de 2018 do \u201cGUIDE FOR RESEARCHERS USING BANCO DE PORTUGAL MICRODATA RESEARCH LABORATORY (BPLIM) DATA\u201d, daqui em diante o \u201cGUIDE FOR RESEARCHERS\u201d (Anexo I).<\/span><\/p>\n<p><span style=\"font-weight: 400;\">O pedido de utiliza\u00e7\u00e3o de dados da BPlim pode ser solicitado por todo(s) o(s) investigador(es) permanente(s) e \/ ou convidado(s) do CICEE envolvido(s) no(s) projeto(s) de pesquisa integrado(s) em linha(s) de investiga\u00e7\u00e3o j\u00e1 existente(s) no Centro, ou numa, a criar por proposta daquele(s) investigador(es). O Banco de Portugal ser\u00e1 mantido informado sobre a composi\u00e7\u00e3o do corpo de investigadores integrados no Centro, bem como das linhas e projetos de investiga\u00e7\u00e3o em curso.<\/span><\/p>\n<p><span style=\"font-weight: 400;\">De acordo com o disposto no \u201cGUIDE FOR RESEARCHERS\u201d a solicita\u00e7\u00e3o de acesso aos dados da BPlim \u00e9 efetuada atrav\u00e9s do preenchimento da \u201cDeclara\u00e7\u00e3o de Confidencialidade e Utiliza\u00e7\u00e3o de Dados\u201d (Anexo II), cuja c\u00f3pia em formato PDF ter\u00e1 de ser previamente enviada para registo no CICEE atrav\u00e9s do e-mail: cicee@autonoma.pt.<\/span><\/p>\n<p><span style=\"font-weight: 400;\">Ap\u00f3s a rece\u00e7\u00e3o da \u201cDeclara\u00e7\u00e3o de Confidencialidade e Utiliza\u00e7\u00e3o de Dados\u201d, ser\u00e1 de imediato remetido ao(s) investigador(es) o formul\u00e1rio \u201cPedido_Variaveis_CB_BPLIM\u201d.<\/span><\/p>\n<\/p>\n<ul>\n<li style=\"font-weight: 400;\" aria-level=\"3\"><strong>EGF Empresa Geral de Fomento_CICEE<\/strong><\/li>\n<\/ul>\n<ul>\n<li style=\"font-weight: 400;\" aria-level=\"3\"><strong>CICEE-ADVANCE-AQUAPOR-AdFIGUEIRA_\/AdVRSA<\/strong><\/li>\n<\/ul>\n<\/div>\n<p><!--more--><br \/>\n<!-- {\"name\":\"__Page title\",\"type\":\"layout\",\"children\":[{\"type\":\"section\",\"props\":{\"animation\":\"fade\",\"height\":\"page\",\"image_position\":\"center-center\",\"padding_remove_bottom\":false,\"style\":\"default\",\"title_breakpoint\":\"xl\",\"title_position\":\"top-left\",\"title_rotation\":\"left\",\"vertical_align\":\"middle\",\"width\":\"default\"},\"children\":[{\"type\":\"row\",\"children\":[{\"type\":\"column\",\"props\":{\"image_position\":\"center-center\",\"position_sticky_breakpoint\":\"m\"},\"children\":[{\"type\":\"headline\",\"props\":{\"content\":\"<strong>Informa\\u00e7\\u00e3o para investigadores<\\\/strong>\",\"title_element\":\"h1\"}}]}]},{\"type\":\"row\",\"children\":[{\"type\":\"column\",\"props\":{\"image_position\":\"center-center\",\"position_sticky_breakpoint\":\"m\"},\"children\":[{\"type\":\"text\",\"props\":{\"column_breakpoint\":\"m\",\"content\":\"\n\n<ul>\\n\n\n<li style=\\\"font-weight: 400;\\\" aria-level=\\\"2\\\"><strong>Parcerias<\\\/strong>\\n\n\n<ul>\\n\n\n<li style=\\\"font-weight: 400;\\\" aria-level=\\\"3\\\"><span style=\\\"font-weight: 400;\\\">CEGE<\\\/span><\\\/li>\\n\n\n<li style=\\\"font-weight: 400;\\\" aria-level=\\\"3\\\"><span style=\\\"font-weight: 400;\\\">GOVCOPP<\\\/span><\\\/li>\\n\n\n<li style=\\\"font-weight: 400;\\\" aria-level=\\\"3\\\"><span style=\\\"font-weight: 400;\\\">ISTAR<\\\/span><strong><\\\/strong><\\\/li>\\n<\\\/ul>\\n<\\\/li>\\n<\\\/ul>\\n\n\n<p><\\\/p>\",\"css\":\".el-element\\n{\\n    font-size:20px;\\n}\",\"margin\":\"medium\",\"position_top\":\"50\"}},{\"type\":\"text\",\"props\":{\"column_breakpoint\":\"m\",\"content\":\"\n\n<ul>\\n\n\n<li style=\\\"font-weight: 400;\\\" aria-level=\\\"2\\\"><strong>Protocolos<\\\/strong>\\n\n\n<ul>\\n\n\n<li style=\\\"font-weight: 400;\\\" aria-level=\\\"3\\\"><a href=\\\"https:\\\/\\\/cicee.autonoma.pt\\\/protocolo-cmvm-ceu\\\/\\\"><span style=\\\"font-weight: 400;\\\">CMVM \\u2013 CEU<\\\/span><\\\/a><\\\/li>\\n<\\\/ul>\\n<\\\/li>\\n<\\\/ul>\\n\n\n<ul>\\n\n\n<li style=\\\"font-weight: 400;\\\" aria-level=\\\"3\\\"><strong>BPlim<\\\/strong><\\\/li>\\n<\\\/ul>\\n\n\n<p><span style=\\\"font-weight: 400;\\\">Condi\\u00e7\\u00f5es Gerais de Acesso \\u00e0 utiliza\\u00e7\\u00e3o da BPlim<\\\/span><\\\/p>\\n\n\n<p><span style=\\\"font-weight: 400;\\\">A dinamiza\\u00e7\\u00e3o do desenvolvimento de um clima de investiga\\u00e7\\u00e3o entre a comunidade acad\\u00e9mica da UAL na \\u00e1rea das Ci\\u00eancias Econ\\u00f3micas e Empresariais que estimule a produ\\u00e7\\u00e3o cient\\u00edfica e a sua publica\\u00e7\\u00e3o, constitui um imperativo institucional, quer em termos da acredita\\u00e7\\u00e3o e da avalia\\u00e7\\u00e3o de programas de 2\\u00ba e 3\\u00ba ciclos, quer da avalia\\u00e7\\u00e3o pela FCT da atividade cient\\u00edfica dos investigadores integrados no CICEE e consequentemente dessa componente da sua carreira docente.<\\\/span><\\\/p>\\n\n\n<p><span style=\\\"font-weight: 400;\\\">Estatutariamente o Centro tem entre os seus principais objetivos:<\\\/span><\\\/p>\\n\n\n<p><span style=\\\"font-weight: 400;\\\">\\u201cA produ\\u00e7\\u00e3o e difus\\u00e3o de projetos de investiga\\u00e7\\u00e3o, privilegiando a multidisciplinaridade das diversas \\u00e1reas das Ci\\u00eancias Econ\\u00f3micas e Empresariais e a intera\\u00e7\\u00e3o com outras \\u00e1reas do conhecimento cient\\u00edfico\\u201d, e \\u201cA promo\\u00e7\\u00e3o e o apoio ao desenvolvimento de atividades e projetos de investiga\\u00e7\\u00e3o cient\\u00edfica, individuais e coletivos, incluindo os decorrentes de disserta\\u00e7\\u00f5es de mestrado, teses de doutoramento e trabalhos de p\\u00f3s-doutoramento, no \\u00e2mbito das ci\\u00eancias econ\\u00f3micas e empresariais, e a articula\\u00e7\\u00e3o e promo\\u00e7\\u00e3o de sinergias entre linhas de investiga\\u00e7\\u00e3o j\\u00e1 existentes na UAL\\u201d.<\\\/span><\\\/p>\\n\n\n<p><span style=\\\"font-weight: 400;\\\">Tendo em vista o cumprimento dos supracitados objetivos, o Centro estabeleceu um Protocolo com o Banco de Portugal para disponibilizar aos seus investigadores acesso \\u00e0 utiliza\\u00e7\\u00e3o de \\u201cMicrodata Research Laboratory (BPlim) Data\\u201d.<\\\/span><\\\/p>\\n\n\n<p><span style=\\\"font-weight: 400;\\\">O presente Regulamento descreve as condi\\u00e7\\u00f5es de utiliza\\u00e7\\u00e3o pelos investigadores permanentes e convidados do CICEE de dados da \\u201cBPlim\\u201d, as quais decorrem da vers\\u00e3o de 26 de setembro de 2018 do \\u201cGUIDE FOR RESEARCHERS USING BANCO DE PORTUGAL MICRODATA RESEARCH LABORATORY (BPLIM) DATA\\u201d, daqui em diante o \\u201cGUIDE FOR RESEARCHERS\\u201d (Anexo I).<\\\/span><\\\/p>\\n\n\n<p><span style=\\\"font-weight: 400;\\\">O pedido de utiliza\\u00e7\\u00e3o de dados da BPlim pode ser solicitado por todo(s) o(s) investigador(es) permanente(s) e \\\/ ou convidado(s) do CICEE envolvido(s) no(s) projeto(s) de pesquisa integrado(s) em linha(s) de investiga\\u00e7\\u00e3o j\\u00e1 existente(s) no Centro, ou numa, a criar por proposta daquele(s) investigador(es). O Banco de Portugal ser\\u00e1 mantido informado sobre a composi\\u00e7\\u00e3o do corpo de investigadores integrados no Centro, bem como das linhas e projetos de investiga\\u00e7\\u00e3o em curso.<\\\/span><\\\/p>\\n\n\n<p><span style=\\\"font-weight: 400;\\\">De acordo com o disposto no \\u201cGUIDE FOR RESEARCHERS\\u201d a solicita\\u00e7\\u00e3o de acesso aos dados da BPlim \\u00e9 efetuada atrav\\u00e9s do preenchimento da \\u201cDeclara\\u00e7\\u00e3o de Confidencialidade e Utiliza\\u00e7\\u00e3o de Dados\\u201d (Anexo II), cuja c\\u00f3pia em formato PDF ter\\u00e1 de ser previamente enviada para registo no CICEE atrav\\u00e9s do e-mail: cicee@autonoma.pt.<\\\/span><\\\/p>\\n\n\n<p><span style=\\\"font-weight: 400;\\\">Ap\\u00f3s a rece\\u00e7\\u00e3o da \\u201cDeclara\\u00e7\\u00e3o de Confidencialidade e Utiliza\\u00e7\\u00e3o de Dados\\u201d, ser\\u00e1 de imediato remetido ao(s) investigador(es) o formul\\u00e1rio \\u201cPedido_Variaveis_CB_BPLIM\\u201d.<\\\/span><\\\/p>\\n\n\n<p><\\\/p>\\n\n\n<ul>\\n\n\n<li style=\\\"font-weight: 400;\\\" aria-level=\\\"3\\\"><strong>EGF Empresa Geral de Fomento_CICEE<\\\/strong><\\\/li>\\n<\\\/ul>\\n\n\n<p><\\\/p>\\n\n\n<ul>\\n\n\n<li style=\\\"font-weight: 400;\\\" aria-level=\\\"3\\\"><strong>CICEE-ADVANCE-AQUAPOR-AdFIGUEIRA_\\\/AdVRSA<\\\/strong><\\\/li>\\n<\\\/ul>\",\"css\":\".el-element\\n{\\n    font-size:20px;\\n}\",\"margin\":\"medium\",\"position_top\":\"50\"}}]}]}],\"name\":\"Header title\"}],\"version\":\"4.3.5\"} --><\/p>\n","protected":false},"excerpt":{"rendered":"<p>Informa\u00e7\u00e3o para investigadores Parcerias CEGE GOVCOPP ISTAR Protocolos CMVM \u2013 CEU BPlim Condi\u00e7\u00f5es Gerais de Acesso \u00e0 utiliza\u00e7\u00e3o da BPlim A dinamiza\u00e7\u00e3o do desenvolvimento de um clima de investiga\u00e7\u00e3o entre a comunidade acad\u00e9mica da UAL na \u00e1rea das Ci\u00eancias Econ\u00f3micas e Empresariais que estimule a produ\u00e7\u00e3o cient\u00edfica e a sua publica\u00e7\u00e3o, constitui um imperativo institucional, [&hellip;]<\/p>\n","protected":false},"author":38,"featured_media":0,"parent":3304,"menu_order":121,"comment_status":"closed","ping_status":"closed","template":"","meta":{"_acf_changed":false,"footnotes":""},"class_list":["post-4613","page","type-page","status-publish","hentry"],"acf":[],"_links":{"self":[{"href":"https:\/\/cicee.autonoma.pt\/en\/wp-json\/wp\/v2\/pages\/4613","targetHints":{"allow":["GET"]}}],"collection":[{"href":"https:\/\/cicee.autonoma.pt\/en\/wp-json\/wp\/v2\/pages"}],"about":[{"href":"https:\/\/cicee.autonoma.pt\/en\/wp-json\/wp\/v2\/types\/page"}],"author":[{"embeddable":true,"href":"https:\/\/cicee.autonoma.pt\/en\/wp-json\/wp\/v2\/users\/38"}],"replies":[{"embeddable":true,"href":"https:\/\/cicee.autonoma.pt\/en\/wp-json\/wp\/v2\/comments?post=4613"}],"version-history":[{"count":1,"href":"https:\/\/cicee.autonoma.pt\/en\/wp-json\/wp\/v2\/pages\/4613\/revisions"}],"predecessor-version":[{"id":5146,"href":"https:\/\/cicee.autonoma.pt\/en\/wp-json\/wp\/v2\/pages\/4613\/revisions\/5146"}],"up":[{"embeddable":true,"href":"https:\/\/cicee.autonoma.pt\/en\/wp-json\/wp\/v2\/pages\/3304"}],"wp:attachment":[{"href":"https:\/\/cicee.autonoma.pt\/en\/wp-json\/wp\/v2\/media?parent=4613"}],"curies":[{"name":"wp","href":"https:\/\/api.w.org\/{rel}","templated":true}]}}