{"id":4436,"date":"2023-04-13T16:46:57","date_gmt":"2023-04-13T15:46:57","guid":{"rendered":"https:\/\/cicee.autonoma.pt\/?page_id=4436"},"modified":"2024-11-29T08:19:34","modified_gmt":"2024-11-29T08:19:34","slug":"conferences","status":"publish","type":"page","link":"https:\/\/cicee.autonoma.pt\/en\/conferences\/","title":{"rendered":"Conferences"},"content":{"rendered":"<h1>Conferences<\/h1>\n<hr>\n<p><img decoding=\"async\" src=\"\/wp-content\/uploads\/2024\/11\/banner1.jpg\" alt=\"\"><\/p>\n<div>\n<h3 class=\"el-title uk-heading-bullet uk-margin-top uk-margin-remove-bottom\"><span>Entrepreneurship in the Context of Political Uncertainty: Research Opportunities<\/span><\/h3>\n<\/div>\n<div>\n<p class=\"el-link uk-button uk-button-text\"><span>10 December 2024 at 6:30 pm<\/span><\/p>\n<\/div>\n<div>\n<h3><span>Speakers:<\/span><\/h3>\n<p><strong><span>Adelaida Ramos Mari\u00f1o<\/span><\/strong><strong><br \/><\/strong><strong>Ant\u00f3nio Fernand\u00e9z Portillo<\/strong><br \/><strong>Ant\u00f3nio Cabe\u00e7as<\/strong><br \/><strong>Jessica Paule Vianez\u00a0<\/strong><span><\/p>\n<p><a href=\"https:\/\/autonoma.pt\/empreendedorismo-digitalizacao-e-turismo-em-contexto-de-incerteza-politica-oportunidades-de-investigacao\/\">https:\/\/autonoma.pt\/empreendedorismo-digitalizacao-e-turismo-em-contexto-de-incerteza-politica-oportunidades-de-investigacao\/<\/a><br \/><\/span><\/p>\n<p>\u00a0<\/p>\n<\/div>\n<p><img decoding=\"async\" src=\"\/wp-content\/uploads\/2023\/09\/bbb.jpg\" alt=\"\"><\/p>\n<div>\n<h3 class=\"el-title uk-heading-bullet uk-margin-top uk-margin-remove-bottom\"><span>\u00a0Structural Equation Models in Scientific Studies<\/span><\/h3>\n<\/div>\n<div>\n<p class=\"el-link uk-button uk-button-text\"><span>17 October 2023 at 6:30 pm<\/span><\/p>\n<\/div>\n<div>\n<h3><span>Speakers:<\/span><\/h3>\n<p><strong>Ant\u00f3nio Cabe\u00e7as<\/strong> (Universidade Aut\u00f3noma de Lisboa)<br \/><span><strong>Adelaida Ramos Mari\u00f1o<\/strong> (Universidad de Extremadura)<\/span><\/p>\n<p><a href=\"https:\/\/autonoma.pt\/en\/conference-models-of-structural-equations-in-scientific-studies\/\" target=\"_blank\" rel=\"noopener\">https:\/\/autonoma.pt\/en\/conference-models-of-structural-equations-in-scientific-studies\/<\/a><\/p>\n<\/div>\n<hr>\n<p><img decoding=\"async\" src=\"\/wp-content\/uploads\/2023\/04\/innov_sustain_banner.jpg\" alt=\"\"><\/p>\n<div>\n<h3 class=\"el-title uk-heading-bullet uk-margin-top uk-margin-remove-bottom\"><span>\u00a0Innovation and Sustainability<\/span><\/h3>\n<\/div>\n<div>\n<p class=\"el-link uk-button uk-button-text\"><span>2 May 2023 at 6:30 pm<\/span><\/p>\n<\/div>\n<div>\n<h3><span>Moderation:<\/span><\/h3>\n<p><strong>Ant\u00f3nio Cabe\u00e7as<\/strong> (Doutor em Economia, Professor Associado na Universidade Aut\u00f3noma de Lisboa)<\/p>\n<\/div>\n<div>\n<h3><span>Guests:<\/span><\/h3>\n<\/div>\n<div>\n<p style=\"font-weight: 400;\"><span><strong>Jorge Portugal<\/strong> (Doutor em Engenharia Mec\u00e2nica, Diretor-Geral da COTEC).<br \/><\/span><span><strong>Miguel Carvalho e Melo<\/strong> (GPM Global Director para a Inova\u00e7\u00e3o, Coordenador do MBA em Gest\u00e3o de Projetos na Aut\u00f3noma Academy).<br \/><\/span><span><strong>Joel Carboni<\/strong> (Doutor em Desenvolvimento Sustent\u00e1vel e Meio Ambiente<em>,\u00a0<\/em>Presidente do GPM Global e Presidente em\u00e9rito do IPMA nos EUA)<\/span><\/p>\n<\/div>\n<div>\n<h3>Format:<\/h3>\n<\/div>\n<div>\n<p style=\"font-weight: 400;\"><span>Face-to-face, with online transmission. <br \/>Participation in this event is free and the link to register is:<\/span><\/p>\n<p style=\"font-weight: 400;\"><span><a href=\"https:\/\/autonoma.pt\/en\/conference-innovation-and-sustainability\/\" data-saferedirecturl=\"https:\/\/autonoma.pt\/en\/conference-innovation-and-sustainability\/\" target=\"_blank\" rel=\"noopener\">https:\/\/autonoma.pt\/en\/conference-innovation-and-sustainability\/<\/a><\/span><\/p>\n<\/div>\n<hr>\n<p><img decoding=\"async\" src=\"\/wp-content\/uploads\/2023\/04\/proj_management_sustainability_banner.jpg\" alt=\"\"><\/p>\n<div>\n<h3 class=\"el-title uk-heading-bullet uk-margin-top uk-margin-remove-bottom\"><span>\u00a0Project Management and Sustainability<\/span><\/h3>\n<\/div>\n<div>\n<p class=\"el-link uk-button uk-button-text\"><span>2 December 2022 at 6:30pm<\/span><\/p>\n<\/div>\n<div>\n<h3><span>Moderation<\/span><\/h3>\n<p><strong>Ant\u00f3nio Cabe\u00e7as<\/strong> (Doutor em Economia, Professor Associado na Universidade Aut\u00f3noma de Lisboa)<\/p>\n<\/p>\n<\/div>\n<div>\n<h3><span>Guests<\/span><\/h3>\n<\/div>\n<div>\n<p style=\"font-weight: 400;\"><span><strong>Ewa Palarczyk<\/strong> (CEO at GPM EMEA; Founder at Energy of Result)<br \/><\/span><span><\/span><span><strong>Miguel Carvalho e Melo<\/strong> (GPM Global Director of Innovation; Founding Partner of Pomegranate)<\/span><\/p>\n<\/div>\n<div>\n<h3>Format:<\/h3>\n<\/div>\n<div>\n<p style=\"font-weight: 400;\"><span>Face-to-face, with online transmission. <br \/>Participation in this event is free and the link to register is:<\/span><\/p>\n<p style=\"font-weight: 400;\"><span><a href=\"https:\/\/autonoma.pt\/en\/conference-project-management-and-sustainability\/\" data-saferedirecturl=\"https:\/\/autonoma.pt\/en\/conference-project-management-and-sustainability\/\" target=\"_blank\" rel=\"noopener\">https:\/\/autonoma.pt\/en\/conference-project-management-and-sustainability\/<\/a><\/span><\/p>\n<\/div>\n<p><!--more--><br \/>\n<!-- {\"type\":\"layout\",\"children\":[{\"type\":\"section\",\"props\":{\"image_position\":\"center-center\",\"style\":\"default\",\"title_breakpoint\":\"xl\",\"title_position\":\"top-left\",\"title_rotation\":\"left\",\"vertical_align\":\"middle\",\"width\":\"default\"},\"children\":[{\"type\":\"row\",\"children\":[{\"type\":\"column\",\"props\":{\"image_position\":\"center-center\",\"position_sticky_breakpoint\":\"m\"},\"children\":[{\"name\":\"headline\",\"type\":\"headline\",\"props\":{\"content\":\"Conferences\",\"title_element\":\"h1\"}},{\"type\":\"divider\",\"props\":{\"divider_element\":\"hr\"}},{\"type\":\"image\",\"props\":{\"image\":\"wp-content\\\/uploads\\\/2024\\\/11\\\/banner1.jpg\",\"image_height\":\"300\",\"image_svg_color\":\"emphasis\",\"image_width\":\"600\",\"margin\":\"default\",\"margin_remove_bottom\":true}},{\"type\":\"text\",\"props\":{\"column_breakpoint\":\"m\",\"content\":\"\n\n<h3 class=\\\"el-title uk-heading-bullet uk-margin-top uk-margin-remove-bottom\\\"><span>Entrepreneurship in the Context of Political Uncertainty: Research Opportunities<\\\/span><\\\/h3>\",\"margin\":\"default\",\"margin_remove_top\":true}},{\"type\":\"text\",\"props\":{\"column_breakpoint\":\"m\",\"content\":\"\n\n<p class=\\\"el-link uk-button uk-button-text\\\"><span>10 December 2024 at 6:30 pm<\\\/span><\\\/p>\",\"margin\":\"default\"}},{\"type\":\"text\",\"props\":{\"column_breakpoint\":\"m\",\"content\":\"\n\n<h3><span>Speakers:<\\\/span><\\\/h3>\\n\n\n<p><strong><span>Adelaida Ramos Mari\\u00f1o<\\\/span><\\\/strong><strong><br \\\/><\\\/strong><strong>Ant\\u00f3nio Fernand\\u00e9z Portillo<\\\/strong><br \\\/><strong>Ant\\u00f3nio Cabe\\u00e7as<\\\/strong><br \\\/><strong>Jessica Paule Vianez\\u00a0<\\\/strong><span><br \\\/><br \\\/><a href=\\\"https:\\\/\\\/autonoma.pt\\\/empreendedorismo-digitalizacao-e-turismo-em-contexto-de-incerteza-politica-oportunidades-de-investigacao\\\/\\\">https:\\\/\\\/autonoma.pt\\\/empreendedorismo-digitalizacao-e-turismo-em-contexto-de-incerteza-politica-oportunidades-de-investigacao\\\/<\\\/a><br \\\/><\\\/span><\\\/p>\\n\n\n<p>\\u00a0<\\\/p>\",\"margin\":\"default\"}},{\"type\":\"image\",\"props\":{\"image\":\"wp-content\\\/uploads\\\/2023\\\/09\\\/bbb.jpg\",\"image_height\":\"300\",\"image_svg_color\":\"emphasis\",\"image_width\":\"600\",\"margin\":\"default\",\"margin_remove_bottom\":true}},{\"type\":\"text\",\"props\":{\"column_breakpoint\":\"m\",\"content\":\"\n\n<h3 class=\\\"el-title uk-heading-bullet uk-margin-top uk-margin-remove-bottom\\\"><span>\\u00a0Structural Equation Models in Scientific Studies<\\\/span><\\\/h3>\",\"margin\":\"default\",\"margin_remove_top\":true}},{\"type\":\"text\",\"props\":{\"column_breakpoint\":\"m\",\"content\":\"\n\n<p class=\\\"el-link uk-button uk-button-text\\\"><span>17 October 2023 at 6:30 pm<\\\/span><\\\/p>\",\"margin\":\"default\"}},{\"type\":\"text\",\"props\":{\"column_breakpoint\":\"m\",\"content\":\"\n\n<p><\\\/p>\\n\n\n<h3><span>Speakers:<\\\/span><\\\/h3>\\n\n\n<p><strong>Ant\\u00f3nio Cabe\\u00e7as<\\\/strong> (Universidade Aut\\u00f3noma de Lisboa)<br \\\/><span><strong>Adelaida Ramos Mari\\u00f1o<\\\/strong> (Universidad de Extremadura)<\\\/span><\\\/p>\\n\n\n<p><a href=\\\"https:\\\/\\\/autonoma.pt\\\/en\\\/conference-models-of-structural-equations-in-scientific-studies\\\/\\\" target=\\\"_blank\\\" rel=\\\"noopener\\\">https:\\\/\\\/autonoma.pt\\\/en\\\/conference-models-of-structural-equations-in-scientific-studies\\\/<\\\/a><\\\/p>\",\"margin\":\"default\"}},{\"type\":\"divider\",\"props\":{\"divider_element\":\"hr\"}},{\"type\":\"image\",\"props\":{\"image\":\"wp-content\\\/uploads\\\/2023\\\/04\\\/innov_sustain_banner.jpg\",\"image_height\":\"300\",\"image_svg_color\":\"emphasis\",\"image_width\":\"600\",\"margin\":\"default\",\"margin_remove_bottom\":true}},{\"type\":\"text\",\"props\":{\"column_breakpoint\":\"m\",\"content\":\"\n\n<h3 class=\\\"el-title uk-heading-bullet uk-margin-top uk-margin-remove-bottom\\\"><span>\\u00a0Innovation and Sustainability<\\\/span><\\\/h3>\",\"margin\":\"default\",\"margin_remove_top\":true}},{\"type\":\"text\",\"props\":{\"column_breakpoint\":\"m\",\"content\":\"\n\n<p class=\\\"el-link uk-button uk-button-text\\\"><span>2 May 2023 at 6:30 pm<\\\/span><\\\/p>\",\"margin\":\"default\"}},{\"type\":\"text\",\"props\":{\"column_breakpoint\":\"m\",\"content\":\"\n\n<p><\\\/p>\\n\n\n<h3><span>Moderation:<\\\/span><\\\/h3>\\n\n\n<p><strong>Ant\\u00f3nio Cabe\\u00e7as<\\\/strong> (Doutor em Economia, Professor Associado na Universidade Aut\\u00f3noma de Lisboa)<\\\/p>\",\"margin\":\"default\"}},{\"type\":\"text\",\"props\":{\"column_breakpoint\":\"m\",\"content\":\"\n\n<p><\\\/p>\\n\n\n<h3><span>Guests:<\\\/span><\\\/h3>\\n\",\"margin\":\"default\"}},{\"type\":\"text\",\"props\":{\"column_breakpoint\":\"m\",\"content\":\"\n\n<p style=\\\"font-weight: 400;\\\"><span><strong>Jorge Portugal<\\\/strong> (Doutor em Engenharia Mec\\u00e2nica, Diretor-Geral da COTEC).<br \\\/><\\\/span><span><strong>Miguel Carvalho e Melo<\\\/strong> (GPM Global Director para a Inova\\u00e7\\u00e3o, Coordenador do MBA em Gest\\u00e3o de Projetos na Aut\\u00f3noma Academy).<br \\\/><\\\/span><span><strong>Joel Carboni<\\\/strong> (Doutor em Desenvolvimento Sustent\\u00e1vel e Meio Ambiente<em>,\\u00a0<\\\/em>Presidente do GPM Global e Presidente em\\u00e9rito do IPMA nos EUA)<\\\/span><\\\/p>\",\"margin\":\"default\"}},{\"type\":\"text\",\"props\":{\"column_breakpoint\":\"m\",\"content\":\"\n\n<p><\\\/p>\\n\n\n<h3>Format:<\\\/h3>\",\"margin\":\"default\"}},{\"type\":\"text\",\"props\":{\"column_breakpoint\":\"m\",\"content\":\"\n\n<p style=\\\"font-weight: 400;\\\"><span>Face-to-face, with online transmission. <br \\\/>Participation in this event is free and the link to register is:<\\\/span><\\\/p>\\n\n\n<p style=\\\"font-weight: 400;\\\"><span><a href=\\\"https:\\\/\\\/autonoma.pt\\\/en\\\/conference-innovation-and-sustainability\\\/\\\" data-saferedirecturl=\\\"https:\\\/\\\/autonoma.pt\\\/en\\\/conference-innovation-and-sustainability\\\/\\\" target=\\\"_blank\\\" rel=\\\"noopener\\\">https:\\\/\\\/autonoma.pt\\\/en\\\/conference-innovation-and-sustainability\\\/<\\\/a><\\\/span><\\\/p>\",\"margin\":\"default\"}},{\"type\":\"divider\",\"props\":{\"divider_element\":\"hr\"}}]}]},{\"type\":\"row\",\"children\":[{\"type\":\"column\",\"props\":{\"image_position\":\"center-center\",\"position_sticky_breakpoint\":\"m\"},\"children\":[{\"type\":\"image\",\"props\":{\"image\":\"wp-content\\\/uploads\\\/2023\\\/04\\\/proj_management_sustainability_banner.jpg\",\"image_height\":\"300\",\"image_svg_color\":\"emphasis\",\"image_width\":\"600\",\"margin\":\"default\",\"margin_remove_bottom\":true}},{\"type\":\"text\",\"props\":{\"column_breakpoint\":\"m\",\"content\":\"\n\n<h3 class=\\\"el-title uk-heading-bullet uk-margin-top uk-margin-remove-bottom\\\"><span>\\u00a0Project Management and Sustainability<\\\/span><\\\/h3>\",\"margin\":\"default\",\"margin_remove_top\":true}},{\"type\":\"text\",\"props\":{\"column_breakpoint\":\"m\",\"content\":\"\n\n<p class=\\\"el-link uk-button uk-button-text\\\"><span>2 December 2022 at 6:30pm<\\\/span><\\\/p>\",\"margin\":\"default\"}},{\"type\":\"text\",\"props\":{\"column_breakpoint\":\"m\",\"content\":\"\n\n<p><\\\/p>\\n\n\n<h3><span>Moderation<\\\/span><\\\/h3>\\n\n\n<p><strong>Ant\\u00f3nio Cabe\\u00e7as<\\\/strong> (Doutor em Economia, Professor Associado na Universidade Aut\\u00f3noma de Lisboa)<\\\/p>\\n\n\n<p><\\\/p>\",\"margin\":\"default\"}},{\"type\":\"text\",\"props\":{\"column_breakpoint\":\"m\",\"content\":\"\n\n<h3><span>Guests<\\\/span><\\\/h3>\",\"margin\":\"default\"}},{\"type\":\"text\",\"props\":{\"column_breakpoint\":\"m\",\"content\":\"\n\n<p style=\\\"font-weight: 400;\\\"><span><strong>Ewa Palarczyk<\\\/strong> (CEO at GPM EMEA; Founder at Energy of Result)<br \\\/><\\\/span><span><\\\/span><span><strong>Miguel Carvalho e Melo<\\\/strong> (GPM Global Director of Innovation; Founding Partner of Pomegranate)<\\\/span><\\\/p>\",\"margin\":\"default\"}},{\"type\":\"text\",\"props\":{\"column_breakpoint\":\"m\",\"content\":\"\n\n<p><\\\/p>\\n\n\n<h3>Format:<\\\/h3>\",\"margin\":\"default\"}},{\"type\":\"text\",\"props\":{\"column_breakpoint\":\"m\",\"content\":\"\n\n<p style=\\\"font-weight: 400;\\\"><span>Face-to-face, with online transmission. <br \\\/>Participation in this event is free and the link to register is:<\\\/span><\\\/p>\\n\n\n<p style=\\\"font-weight: 400;\\\"><span><a href=\\\"https:\\\/\\\/autonoma.pt\\\/en\\\/conference-project-management-and-sustainability\\\/\\\" data-saferedirecturl=\\\"https:\\\/\\\/autonoma.pt\\\/en\\\/conference-project-management-and-sustainability\\\/\\\" target=\\\"_blank\\\" rel=\\\"noopener\\\">https:\\\/\\\/autonoma.pt\\\/en\\\/conference-project-management-and-sustainability\\\/<\\\/a><\\\/span><\\\/p>\",\"margin\":\"default\"}}]}]}]}],\"version\":\"4.3.5\"} --><\/p>\n","protected":false},"excerpt":{"rendered":"<p>Conferences Entrepreneurship in the Context of Political Uncertainty: Research Opportunities 10 December 2024 at 6:30 pm Speakers: Adelaida Ramos Mari\u00f1oAnt\u00f3nio Fernand\u00e9z PortilloAnt\u00f3nio Cabe\u00e7asJessica Paule Vianez\u00a0 https:\/\/autonoma.pt\/empreendedorismo-digitalizacao-e-turismo-em-contexto-de-incerteza-politica-oportunidades-de-investigacao\/ \u00a0 \u00a0Structural Equation Models in Scientific Studies 17 October 2023 at 6:30 pm Speakers: Ant\u00f3nio Cabe\u00e7as (Universidade Aut\u00f3noma de Lisboa)Adelaida Ramos Mari\u00f1o (Universidad de Extremadura) https:\/\/autonoma.pt\/en\/conference-models-of-structural-equations-in-scientific-studies\/ \u00a0Innovation and Sustainability [&hellip;]<\/p>\n","protected":false},"author":12,"featured_media":0,"parent":0,"menu_order":11,"comment_status":"closed","ping_status":"closed","template":"","meta":{"_acf_changed":false,"footnotes":""},"class_list":["post-4436","page","type-page","status-publish","hentry"],"acf":[],"_links":{"self":[{"href":"https:\/\/cicee.autonoma.pt\/en\/wp-json\/wp\/v2\/pages\/4436","targetHints":{"allow":["GET"]}}],"collection":[{"href":"https:\/\/cicee.autonoma.pt\/en\/wp-json\/wp\/v2\/pages"}],"about":[{"href":"https:\/\/cicee.autonoma.pt\/en\/wp-json\/wp\/v2\/types\/page"}],"author":[{"embeddable":true,"href":"https:\/\/cicee.autonoma.pt\/en\/wp-json\/wp\/v2\/users\/12"}],"replies":[{"embeddable":true,"href":"https:\/\/cicee.autonoma.pt\/en\/wp-json\/wp\/v2\/comments?post=4436"}],"version-history":[{"count":1,"href":"https:\/\/cicee.autonoma.pt\/en\/wp-json\/wp\/v2\/pages\/4436\/revisions"}],"predecessor-version":[{"id":5765,"href":"https:\/\/cicee.autonoma.pt\/en\/wp-json\/wp\/v2\/pages\/4436\/revisions\/5765"}],"wp:attachment":[{"href":"https:\/\/cicee.autonoma.pt\/en\/wp-json\/wp\/v2\/media?parent=4436"}],"curies":[{"name":"wp","href":"https:\/\/api.w.org\/{rel}","templated":true}]}}