{"id":2499,"date":"2021-07-16T17:02:02","date_gmt":"2021-07-16T16:02:02","guid":{"rendered":"https:\/\/cicee.stg.mind-shaker.com\/?page_id=2499"},"modified":"2024-04-05T17:54:14","modified_gmt":"2024-04-05T16:54:14","slug":"applications-for-research-projects","status":"publish","type":"page","link":"https:\/\/cicee.autonoma.pt\/en\/research\/applications-for-research-projects\/","title":{"rendered":"Research Projects &#8211; CICEE"},"content":{"rendered":"<h1>\n<h1><strong>RESEARCH PROJECTS<\/strong><\/h1>\n<\/h1>\n<div>\n<ul>\n<li><strong>Research projects submitted to FCT calls for IC&amp;DT projects<\/strong>\n<ul>\n<li>2020\n<ul>\n<li>THE FINANCIAL STRUCTURE OF THE PORTUGUESE CORPORATE NON-FINANCIAL SECTOR: THEORY AND EVIDENCE<br \/>[PTDC\/EGE-ECO\/5762\/2020] em cons\u00f3rcio com o Centro de Estudos de Gest\u00e3o e Economia (CEGE\/CRP\/UCP) da Universidade Cat\u00f3lica Portuguesa.<\/li>\n<li>PORTUGUESE BANKING SYSTEM WHITE PAPER<br \/>[PTDC\/EGE-ECO\/5783\/2020] em cons\u00f3rcio com o Centro de Estudos de Gest\u00e3o e Economia (CEGE\/CRP\/UCP) da Universidade Cat\u00f3lica Portuguesa.<\/li>\n<\/ul>\n<\/li>\n<li>2021\n<ul>\n<li>THE FINANCING STRUCTURE OF NONFINANCIAL CORPORATE SECTORS: THE CASE OF PORTUGAL<br \/>[PTDC\/EGE-ECO\/4260\/2021] em cons\u00f3rcio com o Centro de Estudos de Gest\u00e3o e Economia (CEGE\/CRP\/UCP) da Universidade Cat\u00f3lica Portuguesa.<\/li>\n<li>PORTUGUESE BANKING SYSTEM WHITE PAPER<br \/>[PTDC\/EGE-ECO\/4032\/2021] em cons\u00f3rcio com o Centro de Estudos de Gest\u00e3o e Economia (CEGE\/CRP\/UCP) da Universidade Cat\u00f3lica Portuguesa.<\/li>\n<li>THE PORTUGUESE HOTEL INDUSTRY: PREPARING FUTURE AHEAD OF COVID19 PANDEMIC<br \/>[PTDC\/EGE-ECO\/4993\/2021] em cons\u00f3rcio com o Centro de Investiga\u00e7\u00e3o em Ci\u00eancias da Informa\u00e7\u00e3o, Tecnologias e Arquitetura (ISTAR-IUL) do ISCTE \u2013 Instituto Universit\u00e1rio de Lisboa, da Unidade de Investiga\u00e7\u00e3o em Governan\u00e7a, Competitividade e Pol\u00edticas P\u00fablicas (GOVCOPP) da Universidade de Aveiro, e do Centro de Estudos de Gest\u00e3o e Economia (CEGE\/CRP\/UCP) da Universidade Cat\u00f3lica Portuguesa.<\/li>\n<\/ul>\n<\/li>\n<\/ul>\n<\/li>\n<\/ul>\n<ul>\n<li><strong>Postdoctoral Research Projects<span lang=\"PT\"><\/span><\/strong><span><u><\/u><u><\/u><\/span>\n<ul type=\"square\">\n<li class=\"m_6879179513264481531menu-item\"><a href=\"https:\/\/cicee.autonoma.pt\/en\/projeto-de-investigacao-jacek-jabowski\/\" target=\"_blank\" rel=\"noopener\"><span lang=\"PT\">Jacek Jabowski<\/span><\/a><span><u><\/u><u><\/u><\/span><\/li>\n<li class=\"m_6879179513264481531menu-item\"><a href=\"https:\/\/cicee.autonoma.pt\/en\/projeto-de-investigacao-eduardo-cardadeiro\/\"><span lang=\"PT\">Eduardo Cardadeiro<\/span><\/a><span><u><\/u><u><\/u><\/span><\/li>\n<li class=\"m_6879179513264481531menu-item\"><a href=\"https:\/\/cicee.autonoma.pt\/en\/projeto-de-investigacao-catia-magro\/\"><span lang=\"PT\">C\u00e1tia Magro<\/span><\/a><span><u><\/u><u><\/u><\/span><\/li>\n<li class=\"m_6879179513264481531menu-item\"><a href=\"https:\/\/cicee.autonoma.pt\/en\/projeto-de-investigacao-jose-magano\/\"><span lang=\"PT\">Jos\u00e9 Magano<\/span><\/a><span><u><\/u><u><\/u><\/span><\/li>\n<li class=\"m_6879179513264481531menu-item\"><a href=\"https:\/\/cicee.autonoma.pt\/en\/projeto-de-investigacao-jorge-mota\/\"><span lang=\"PT\">Jorge Mota<\/span><\/a><span><u><\/u><u><\/u><\/span><\/li>\n<li><a href=\"https:\/\/cicee.autonoma.pt\/en\/projeto-de-investigacao-silvio-addolorato\/\">Silvio Addolorato<\/a><\/li>\n<\/ul>\n<\/li>\n<\/ul>\n<ul>\n<li><strong>Doctoral Research Projects<\/strong>\n<ul>\n<li><strong><span lang=\"PT\"><\/span><\/strong><span><u><\/u><u><\/u><\/span><a href=\"https:\/\/cicee.autonoma.pt\/en\/projeto-de-investigacao-alejandro-lara-bocanegra\/\"><span lang=\"PT\">Alexandro Lara Bocanegra<\/span><\/a><\/li>\n<li><span><u><\/u><u><\/u><\/span><a href=\"https:\/\/cicee.autonoma.pt\/en\/projeto-de-investigacao-aurora-vallejo\/\"><span lang=\"PT\">Aurora M. G. Vallejo<\/span><\/a><\/li>\n<li><span><u><\/u><u><\/u><\/span><a href=\"https:\/\/cicee.autonoma.pt\/en\/projeto-de-investigacao-pablo-jimenez\/\"><span lang=\"PT\">Pablo J. Jimenez<\/span><\/a><\/li>\n<\/ul>\n<\/li>\n<\/ul>\n<ul type=\"square\"><\/ul>\n<\/div>\n<p><!--more--><br \/>\n<!-- {\"name\":\"12Projectos de Investiga\\u00e7\\u00e3o Candidatos\",\"type\":\"layout\",\"children\":[{\"type\":\"section\",\"props\":{\"height\":\"page\",\"image_position\":\"center-center\",\"style\":\"default\",\"title_breakpoint\":\"xl\",\"title_position\":\"top-left\",\"title_rotation\":\"left\",\"vertical_align\":\"middle\",\"width\":\"default\"},\"children\":[{\"type\":\"row\",\"children\":[{\"type\":\"column\",\"props\":{\"image_position\":\"center-center\",\"position_sticky_breakpoint\":\"m\"},\"children\":[{\"type\":\"headline\",\"props\":{\"content\":\"\n\n<h1><strong>RESEARCH PROJECTS<\\\/strong><\\\/h1>\",\"title_element\":\"h1\"}},{\"type\":\"text\",\"props\":{\"column_breakpoint\":\"m\",\"content\":\"\n\n<ul>\\n\n\n<li><strong>Research projects submitted to FCT calls for IC&amp;DT projects<\\\/strong>\\n\n\n<ul>\\n\n\n<li>2020\\n\n\n<ul>\\n\n\n<li>THE FINANCIAL STRUCTURE OF THE PORTUGUESE CORPORATE NON-FINANCIAL SECTOR: THEORY AND EVIDENCE<br \\\/>[PTDC\\\/EGE-ECO\\\/5762\\\/2020] em cons\\u00f3rcio com o Centro de Estudos de Gest\\u00e3o e Economia (CEGE\\\/CRP\\\/UCP) da Universidade Cat\\u00f3lica Portuguesa.<\\\/li>\\n\n\n<li>PORTUGUESE BANKING SYSTEM WHITE PAPER<br \\\/>[PTDC\\\/EGE-ECO\\\/5783\\\/2020] em cons\\u00f3rcio com o Centro de Estudos de Gest\\u00e3o e Economia (CEGE\\\/CRP\\\/UCP) da Universidade Cat\\u00f3lica Portuguesa.<\\\/li>\\n<\\\/ul>\\n<\\\/li>\\n\n\n<li>2021\\n\n\n<ul>\\n\n\n<li>THE FINANCING STRUCTURE OF NONFINANCIAL CORPORATE SECTORS: THE CASE OF PORTUGAL<br \\\/>[PTDC\\\/EGE-ECO\\\/4260\\\/2021] em cons\\u00f3rcio com o Centro de Estudos de Gest\\u00e3o e Economia (CEGE\\\/CRP\\\/UCP) da Universidade Cat\\u00f3lica Portuguesa.<\\\/li>\\n\n\n<li>PORTUGUESE BANKING SYSTEM WHITE PAPER<br \\\/>[PTDC\\\/EGE-ECO\\\/4032\\\/2021] em cons\\u00f3rcio com o Centro de Estudos de Gest\\u00e3o e Economia (CEGE\\\/CRP\\\/UCP) da Universidade Cat\\u00f3lica Portuguesa.<\\\/li>\\n\n\n<li>THE PORTUGUESE HOTEL INDUSTRY: PREPARING FUTURE AHEAD OF COVID19 PANDEMIC<br \\\/>[PTDC\\\/EGE-ECO\\\/4993\\\/2021] em cons\\u00f3rcio com o Centro de Investiga\\u00e7\\u00e3o em Ci\\u00eancias da Informa\\u00e7\\u00e3o, Tecnologias e Arquitetura (ISTAR-IUL) do ISCTE \\u2013 Instituto Universit\\u00e1rio de Lisboa, da Unidade de Investiga\\u00e7\\u00e3o em Governan\\u00e7a, Competitividade e Pol\\u00edticas P\\u00fablicas (GOVCOPP) da Universidade de Aveiro, e do Centro de Estudos de Gest\\u00e3o e Economia (CEGE\\\/CRP\\\/UCP) da Universidade Cat\\u00f3lica Portuguesa.<\\\/li>\\n<\\\/ul>\\n<\\\/li>\\n<\\\/ul>\\n<\\\/li>\\n<\\\/ul>\\n\n\n<p><\\\/p>\\n\n\n<ul>\\n\n\n<li><strong>Postdoctoral Research Projects<span lang=\\\"PT\\\"><\\\/span><\\\/strong><span><u><\\\/u><u><\\\/u><\\\/span>\\n\n\n<ul type=\\\"square\\\">\\n\n\n<li class=\\\"m_6879179513264481531menu-item\\\"><a href=\\\"https:\\\/\\\/cicee.autonoma.pt\\\/en\\\/projeto-de-investigacao-jacek-jabowski\\\/\\\" target=\\\"_blank\\\" rel=\\\"noopener\\\"><span lang=\\\"PT\\\">Jacek Jabowski<\\\/span><\\\/a><span><u><\\\/u><u><\\\/u><\\\/span><\\\/li>\\n\n\n<li class=\\\"m_6879179513264481531menu-item\\\"><a href=\\\"https:\\\/\\\/cicee.autonoma.pt\\\/en\\\/projeto-de-investigacao-eduardo-cardadeiro\\\/\\\"><span lang=\\\"PT\\\">Eduardo Cardadeiro<\\\/span><\\\/a><span><u><\\\/u><u><\\\/u><\\\/span><\\\/li>\\n\n\n<li class=\\\"m_6879179513264481531menu-item\\\"><a href=\\\"https:\\\/\\\/cicee.autonoma.pt\\\/en\\\/projeto-de-investigacao-catia-magro\\\/\\\"><span lang=\\\"PT\\\">C\\u00e1tia Magro<\\\/span><\\\/a><span><u><\\\/u><u><\\\/u><\\\/span><\\\/li>\\n\n\n<li class=\\\"m_6879179513264481531menu-item\\\"><a href=\\\"https:\\\/\\\/cicee.autonoma.pt\\\/en\\\/projeto-de-investigacao-jose-magano\\\/\\\"><span lang=\\\"PT\\\">Jos\\u00e9 Magano<\\\/span><\\\/a><span><u><\\\/u><u><\\\/u><\\\/span><\\\/li>\\n\n\n<li class=\\\"m_6879179513264481531menu-item\\\"><a href=\\\"https:\\\/\\\/cicee.autonoma.pt\\\/en\\\/projeto-de-investigacao-jorge-mota\\\/\\\"><span lang=\\\"PT\\\">Jorge Mota<\\\/span><\\\/a><span><u><\\\/u><u><\\\/u><\\\/span><\\\/li>\\n\n\n<li><a href=\\\"https:\\\/\\\/cicee.autonoma.pt\\\/en\\\/projeto-de-investigacao-silvio-addolorato\\\/\\\">Silvio Addolorato<\\\/a><\\\/li>\\n<\\\/ul>\\n<\\\/li>\\n<\\\/ul>\\n\n\n<ul>\\n\n\n<li><strong>Doctoral Research Projects<\\\/strong>\\n\n\n<ul>\\n\n\n<li><strong><span lang=\\\"PT\\\"><\\\/span><\\\/strong><span><u><\\\/u><u><\\\/u><\\\/span><a href=\\\"https:\\\/\\\/cicee.autonoma.pt\\\/en\\\/projeto-de-investigacao-alejandro-lara-bocanegra\\\/\\\"><span lang=\\\"PT\\\">Alexandro Lara Bocanegra<\\\/span><\\\/a><\\\/li>\\n\n\n<li><span><u><\\\/u><u><\\\/u><\\\/span><a href=\\\"https:\\\/\\\/cicee.autonoma.pt\\\/en\\\/projeto-de-investigacao-aurora-vallejo\\\/\\\"><span lang=\\\"PT\\\">Aurora M. G. Vallejo<\\\/span><\\\/a><\\\/li>\\n\n\n<li><span><u><\\\/u><u><\\\/u><\\\/span><a href=\\\"https:\\\/\\\/cicee.autonoma.pt\\\/en\\\/projeto-de-investigacao-pablo-jimenez\\\/\\\"><span lang=\\\"PT\\\">Pablo J. Jimenez<\\\/span><\\\/a><\\\/li>\\n<\\\/ul>\\n<\\\/li>\\n<\\\/ul>\\n\n\n<ul type=\\\"square\\\"><\\\/ul>\",\"margin\":\"default\"}}]}]}]}],\"version\":\"4.3.5\"} --><\/p>\n","protected":false},"excerpt":{"rendered":"<p>RESEARCH PROJECTS Research projects submitted to FCT calls for IC&amp;DT projects 2020 THE FINANCIAL STRUCTURE OF THE PORTUGUESE CORPORATE NON-FINANCIAL SECTOR: THEORY AND EVIDENCE[PTDC\/EGE-ECO\/5762\/2020] em cons\u00f3rcio com o Centro de Estudos de Gest\u00e3o e Economia (CEGE\/CRP\/UCP) da Universidade Cat\u00f3lica Portuguesa. PORTUGUESE BANKING SYSTEM WHITE PAPER[PTDC\/EGE-ECO\/5783\/2020] em cons\u00f3rcio com o Centro de Estudos de Gest\u00e3o e [&hellip;]<\/p>\n","protected":false},"author":12,"featured_media":0,"parent":3882,"menu_order":92,"comment_status":"closed","ping_status":"closed","template":"","meta":{"_acf_changed":false,"footnotes":""},"class_list":["post-2499","page","type-page","status-publish","hentry"],"acf":[],"_links":{"self":[{"href":"https:\/\/cicee.autonoma.pt\/en\/wp-json\/wp\/v2\/pages\/2499","targetHints":{"allow":["GET"]}}],"collection":[{"href":"https:\/\/cicee.autonoma.pt\/en\/wp-json\/wp\/v2\/pages"}],"about":[{"href":"https:\/\/cicee.autonoma.pt\/en\/wp-json\/wp\/v2\/types\/page"}],"author":[{"embeddable":true,"href":"https:\/\/cicee.autonoma.pt\/en\/wp-json\/wp\/v2\/users\/12"}],"replies":[{"embeddable":true,"href":"https:\/\/cicee.autonoma.pt\/en\/wp-json\/wp\/v2\/comments?post=2499"}],"version-history":[{"count":1,"href":"https:\/\/cicee.autonoma.pt\/en\/wp-json\/wp\/v2\/pages\/2499\/revisions"}],"predecessor-version":[{"id":5449,"href":"https:\/\/cicee.autonoma.pt\/en\/wp-json\/wp\/v2\/pages\/2499\/revisions\/5449"}],"up":[{"embeddable":true,"href":"https:\/\/cicee.autonoma.pt\/en\/wp-json\/wp\/v2\/pages\/3882"}],"wp:attachment":[{"href":"https:\/\/cicee.autonoma.pt\/en\/wp-json\/wp\/v2\/media?parent=2499"}],"curies":[{"name":"wp","href":"https:\/\/api.w.org\/{rel}","templated":true}]}}