{"id":2266,"date":"2021-07-09T15:38:55","date_gmt":"2021-07-09T14:38:55","guid":{"rendered":"https:\/\/cicee.stg.mind-shaker.com\/?page_id=2266"},"modified":"2025-10-31T17:43:05","modified_gmt":"2025-10-31T17:43:05","slug":"management","status":"publish","type":"page","link":"https:\/\/cicee.autonoma.pt\/en\/about-us\/management\/","title":{"rendered":"Management"},"content":{"rendered":"<h1>Management<\/h1>\n<h2>\n<h4>The Board of CICEE for the 2025 &#8211; 2027 triennium comprises:<\/h4>\n<\/h2>\n<ul>\n<li>\n<h3>Doutor M\u00e1rio Jo\u00e3o Coutinho dos Santos<\/h3>\n<div>\n<p>PhD in Finance, from the University of Aveiro, a \u2018Licenciatura\u2019 (BSc) in Finance from Instituto Superior de Economia, Universidade T\u00e9cnica de Lisboa, and Post-Graduate diplomas in Management and Finance from the Harvard Business School, Harvard University, and in Finance from the Stanford Graduate School Business, Stanford University.<\/p>\n<p>He currently is a Full Professor at Universidade Aut\u00f3noma de Lisboa (UAL), Visiting Professor of Finance at T\u00e9cnico+, Instituto Superior T\u00e9cnico (IST), University of Lisboa, Chair of the Board of CICEE \u2013 Research Center in Business &amp; Economics, and a Research Fellow at Portuguese Catholic University.<\/p>\n<p>He has taught Finance courses in BSc, MBA, MSc, Executive Masters, and Executive programs, among others, at the Faculty of Economics and Management (FEG), Portuguese Catholic University, Faculty of Economics (FEP), University of Porto, at the Department of Economics, Management and Engineering (DEGEI), University of Aveiro, and at the Pontifical Catholic University (PUC) of S. Paulo, Brazil.<\/p>\n<p>At FEP, he served as Associate Dean, Chair of the Finance and Accounting Department, academic Director of the MSc in Finance, and the Degree in Management and Business Administration at the Faculty of Economics and Management of the UCP of Porto. At UAL, M\u00e1rio served as academic Director of the Master&#8217;s in Business Management.<\/p>\n<\/div>\n<\/li>\n<li>\n<h3>Doutor Miguel Jorge de Campos Cruz<\/h3>\n<div>\n<p>Teaching Monitor, Teaching Assistant and Visiting Professor at Portuguese Catholic<br \/>University, from 1989 to 2018. Several Courses: Industrial Economics, Statistics,<br \/>Mathematics, Introduction to Economics, Models for financing Transport Companies,<br \/>Small Business Management.<\/p>\n<p>Guest Associated Professor at Autonomous University of Lisbon (UAL) since October<br \/>1998, with academic activities suspended while in the Government (between June 2020<br \/>and March 2022). Econometrics, Management Seminars, Strategic Management,<br \/>Innovation Management and Entrepreneurship.<\/p>\n<p>Visiting Professor at Porto Business School (Magellan MBA) from April 2009 to June 2011.<br \/>Entrepreneurship and Small Business Management.<\/p>\n<p>Guest Lecturer on Innovation and Entrepreneurship in the MBA at ISEG \u2013 Lisbon School<br \/>of Economics and Management (Lisbon University) in the Course of Entrepreneurship,<br \/>between 2014 and 2020.<\/p>\n<p>Guest Professor at D. Dinis Business School (Leiria), between March 2015 and April 2016.<br \/>Entrepreneurship and Innovation.\u00a0Teaching Monitor (Statistics) at London Business School (1996 e 1997).<\/p>\n<\/div>\n<\/li>\n<li>\n<h3>Doutor Eduardo Miguel Vicente de Almeida Cardadeiro<\/h3>\n<\/li>\n<li>\n<h3>Doutor Jos\u00e9 Manuel de Ara\u00fajo Magano<\/h3>\n<\/li>\n<\/ul>\n<p><!--more--><br \/>\n<!-- {\"name\":\"Page title\",\"type\":\"layout\",\"children\":[{\"type\":\"section\",\"props\":{\"animation\":\"fade\",\"height\":\"page\",\"image_position\":\"center-center\",\"style\":\"default\",\"title_breakpoint\":\"xl\",\"title_position\":\"top-left\",\"title_rotation\":\"left\",\"vertical_align\":\"middle\",\"width\":\"default\"},\"children\":[{\"type\":\"row\",\"children\":[{\"type\":\"column\",\"props\":{\"image_position\":\"center-center\",\"position_sticky_breakpoint\":\"m\"},\"children\":[{\"type\":\"headline\",\"props\":{\"class\":\"page_title\",\"content\":\"Management\",\"id\":\"page_title\",\"title_element\":\"h1\",\"title_style\":\"h2\"},\"name\":\"Management\"}]}]},{\"type\":\"row\",\"children\":[{\"type\":\"column\",\"props\":{\"image_position\":\"center-center\",\"position_sticky_breakpoint\":\"m\"},\"children\":[{\"type\":\"headline\",\"props\":{\"content\":\"\n\n<h4>The Board of CICEE for the 2025 - 2027 triennium comprises:<\\\/h4>\",\"title_element\":\"h2\",\"title_font_family\":\"primary\",\"title_style\":\"h6\"}},{\"type\":\"description_list\",\"props\":{\"column_breakpoint\":\"m\",\"css\":\".el-title {\\n \\tcolor: black;   \\n    font-size: 20px;\\n}\\n\\n.el-content {\\n \\\/*\\tcolor: #a7aeae!important;   *\\\/\\n    font-size: 20px;\\n}\",\"layout\":\"stacked\",\"list_element\":\"ul\",\"list_marker\":\"disc\",\"list_size\":\"large\",\"meta_align\":\"below-content\",\"meta_style\":\"text-meta\",\"show_content\":true,\"show_link\":false,\"show_meta\":false,\"show_title\":true,\"title_colon\":false,\"title_element\":\"div\",\"title_grid_column_gap\":\"small\",\"title_grid_row_gap\":\"small\",\"title_grid_width\":\"auto\",\"title_style\":\"text-bold\"},\"children\":[{\"type\":\"description_list_item\",\"props\":{\"content\":\"\n\n<p>PhD in Finance, from the University of Aveiro, a \\u2018Licenciatura\\u2019 (BSc) in Finance from Instituto Superior de Economia, Universidade T\\u00e9cnica de Lisboa, and Post-Graduate diplomas in Management and Finance from the Harvard Business School, Harvard University, and in Finance from the Stanford Graduate School Business, Stanford University.<\\\/p>\\n\n\n<p>He currently is a Full Professor at Universidade Aut\\u00f3noma de Lisboa (UAL), Visiting Professor of Finance at T\\u00e9cnico+, Instituto Superior T\\u00e9cnico (IST), University of Lisboa, Chair of the Board of CICEE \\u2013 Research Center in Business &amp; Economics, and a Research Fellow at Portuguese Catholic University.<\\\/p>\\n\n\n<p>He has taught Finance courses in BSc, MBA, MSc, Executive Masters, and Executive programs, among others, at the Faculty of Economics and Management (FEG), Portuguese Catholic University, Faculty of Economics (FEP), University of Porto, at the Department of Economics, Management and Engineering (DEGEI), University of Aveiro, and at the Pontifical Catholic University (PUC) of S. Paulo, Brazil.<\\\/p>\\n\n\n<p>At FEP, he served as Associate Dean, Chair of the Finance and Accounting Department, academic Director of the MSc in Finance, and the Degree in Management and Business Administration at the Faculty of Economics and Management of the UCP of Porto. At UAL, M\\u00e1rio served as academic Director of the Master's in Business Management.<\\\/p>\",\"meta\":\"\",\"title\":\"Doutor M\\u00e1rio Jo\\u00e3o Coutinho dos Santos\"}},{\"type\":\"description_list_item\",\"props\":{\"content\":\"\n\n<p>Teaching Monitor, Teaching Assistant and Visiting Professor at Portuguese Catholic<br \\\/>University, from 1989 to 2018. Several Courses: Industrial Economics, Statistics,<br \\\/>Mathematics, Introduction to Economics, Models for financing Transport Companies,<br \\\/>Small Business Management.<\\\/p>\\n\n\n<p>Guest Associated Professor at Autonomous University of Lisbon (UAL) since October<br \\\/>1998, with academic activities suspended while in the Government (between June 2020<br \\\/>and March 2022). Econometrics, Management Seminars, Strategic Management,<br \\\/>Innovation Management and Entrepreneurship.<\\\/p>\\n\n\n<p>Visiting Professor at Porto Business School (Magellan MBA) from April 2009 to June 2011.<br \\\/>Entrepreneurship and Small Business Management.<\\\/p>\\n\n\n<p>Guest Lecturer on Innovation and Entrepreneurship in the MBA at ISEG \\u2013 Lisbon School<br \\\/>of Economics and Management (Lisbon University) in the Course of Entrepreneurship,<br \\\/>between 2014 and 2020.<\\\/p>\\n\n\n<p>Guest Professor at D. Dinis Business School (Leiria), between March 2015 and April 2016.<br \\\/>Entrepreneurship and Innovation.\\u00a0Teaching Monitor (Statistics) at London Business School (1996 e 1997).<\\\/p>\",\"title\":\"Doutor Miguel Jorge de Campos Cruz\"}},{\"type\":\"description_list_item\",\"props\":{\"content\":\"\",\"title\":\"Doutor Eduardo Miguel Vicente de Almeida Cardadeiro\"}},{\"type\":\"description_list_item\",\"props\":{\"content\":\"\",\"title\":\"Doutor Jos\\u00e9 Manuel de Ara\\u00fajo Magano\"}}]}]}]}],\"name\":\"Header title\"}],\"version\":\"4.3.5\"} --><\/p>\n","protected":false},"excerpt":{"rendered":"<p>Management The Board of CICEE for the 2025 &#8211; 2027 triennium comprises: Doutor M\u00e1rio Jo\u00e3o Coutinho dos Santos PhD in Finance, from the University of Aveiro, a \u2018Licenciatura\u2019 (BSc) in Finance from Instituto Superior de Economia, Universidade T\u00e9cnica de Lisboa, and Post-Graduate diplomas in Management and Finance from the Harvard Business School, Harvard University, and [&hellip;]<\/p>\n","protected":false},"author":12,"featured_media":0,"parent":2732,"menu_order":81,"comment_status":"closed","ping_status":"closed","template":"","meta":{"_acf_changed":false,"footnotes":""},"class_list":["post-2266","page","type-page","status-publish","hentry"],"acf":[],"_links":{"self":[{"href":"https:\/\/cicee.autonoma.pt\/en\/wp-json\/wp\/v2\/pages\/2266","targetHints":{"allow":["GET"]}}],"collection":[{"href":"https:\/\/cicee.autonoma.pt\/en\/wp-json\/wp\/v2\/pages"}],"about":[{"href":"https:\/\/cicee.autonoma.pt\/en\/wp-json\/wp\/v2\/types\/page"}],"author":[{"embeddable":true,"href":"https:\/\/cicee.autonoma.pt\/en\/wp-json\/wp\/v2\/users\/12"}],"replies":[{"embeddable":true,"href":"https:\/\/cicee.autonoma.pt\/en\/wp-json\/wp\/v2\/comments?post=2266"}],"version-history":[{"count":1,"href":"https:\/\/cicee.autonoma.pt\/en\/wp-json\/wp\/v2\/pages\/2266\/revisions"}],"predecessor-version":[{"id":5870,"href":"https:\/\/cicee.autonoma.pt\/en\/wp-json\/wp\/v2\/pages\/2266\/revisions\/5870"}],"up":[{"embeddable":true,"href":"https:\/\/cicee.autonoma.pt\/en\/wp-json\/wp\/v2\/pages\/2732"}],"wp:attachment":[{"href":"https:\/\/cicee.autonoma.pt\/en\/wp-json\/wp\/v2\/media?parent=2266"}],"curies":[{"name":"wp","href":"https:\/\/api.w.org\/{rel}","templated":true}]}}