{"id":2098,"date":"2021-07-07T16:52:06","date_gmt":"2021-07-07T15:52:06","guid":{"rendered":"https:\/\/cicee.stg.mind-shaker.com\/terms-and-conditions\/"},"modified":"2021-07-22T16:11:45","modified_gmt":"2021-07-22T15:11:45","slug":"terms-and-conditions","status":"publish","type":"page","link":"https:\/\/cicee.autonoma.pt\/en\/privacy\/terms-and-conditions\/","title":{"rendered":"Terms and conditions"},"content":{"rendered":"<h1>Terms and conditions<\/h1>\n<h4>Termos e Condi\u00e7\u00f5es de Utiliza\u00e7\u00e3o<\/h4>\n<div>\n<p>O Centro de Investiga\u00e7\u00e3o em Ci\u00eancias Econ\u00f3micas e Empresariais da Universidade Aut\u00f3noma de Lisboa aconselha a leitura atenta dos seguintes termos antes de aceder ao site institucional \u201ccicee.autonoma.pt\u201d<\/p>\n<p>Ao ter acesso ao site, declara o utilizador ter lido, compreendido e aceitado os Termos e Condi\u00e7\u00f5es abaixo descritos, sem necessidade de qualquer ato ou consentimento posterior. Os referidos termos podem, a qualquer momento, ser alterados pela CEU, Cooperativa de Ensino Universit\u00e1rio, entidade instituidora e detentora dos direitos da Universidade Aut\u00f3noma de Lisboa, tendo presente que as altera\u00e7\u00f5es entram em vigor a partir da data da sua coloca\u00e7\u00e3o no site, em 22 de fevereiro de 2019.<\/p>\n<\/div>\n<h4>Direitos de Autor e de Propriedade Intelectual<\/h4>\n<div>\n<p>A marca \u201cUAL\u201d, os dados a seu respeito, log\u00f3tipos em geral e todo o conte\u00fado deste site, s\u00e3o propriedade da CEU, CRL, entidade instituidora e detentora dos direitos da Universidade Aut\u00f3noma de Lisboa, e como tal, est\u00e3o protegidas pela legisla\u00e7\u00e3o nacional e internacional de prote\u00e7\u00e3o da Propriedade Intelectual e Direitos de Autor.<\/p>\n<p>Todos os conte\u00fados presentes no nosso site est\u00e3o protegidos por lei, sendo expressamente proibida qualquer c\u00f3pia, transmiss\u00e3o, utiliza\u00e7\u00e3o, modifica\u00e7\u00e3o, venda, publica\u00e7\u00e3o ou quaisquer outras utiliza\u00e7\u00f5es, por quaisquer meios, \u00e0 exce\u00e7\u00e3o das previstas na Lei ou com a pr\u00e9via autoriza\u00e7\u00e3o da Universidade Aut\u00f3noma de Lisboa.<\/p>\n<p>No caso de realizar cita\u00e7\u00f5es e men\u00e7\u00f5es da fonte, dever\u00e1 ser identificada a Universidade Aut\u00f3noma de Lisboa e o endere\u00e7o de Web dos conte\u00fados consultados, com indica\u00e7\u00e3o das datas de consulta e de atualiza\u00e7\u00e3o dos mesmos conte\u00fados.<\/p>\n<\/div>\n<h4>Atua\u00e7\u00e3o dos utilizadores<\/h4>\n<div>\n<p><span>Est\u00e1 expressamente proibida a utiliza\u00e7\u00e3o do site para fins il\u00edcitos que atentem contra a moral ou que tenham como finalidade, atentar contra os princ\u00edpios e normas que visam a reputa\u00e7\u00e3o da marca \u201cUAL\u201d. \u00c9 expressamente proibido ao utilizador criar ou introduzir neste site quaisquer tipos de v\u00edrus, worms, cavalos de Tr\u00f3ia, scripts ou qualquer outro c\u00f3digo ou programa que contenham propriedades destrutivas ou prejudiciais do site.<\/span><\/p>\n<\/div>\n<p><!--more--><br \/>\n<!-- {\"name\":\"_Termos e Condi\\u00e7\\u00f5es\",\"type\":\"layout\",\"children\":[{\"type\":\"section\",\"props\":{\"style\":\"default\",\"width\":\"default\",\"vertical_align\":\"middle\",\"title_position\":\"top-left\",\"title_rotation\":\"left\",\"title_breakpoint\":\"xl\",\"image_position\":\"center-center\",\"animation\":\"fade\",\"padding_remove_bottom\":true},\"children\":[{\"type\":\"row\",\"props\":{\"attributes\":\"\"},\"children\":[{\"type\":\"column\",\"props\":{\"image_position\":\"center-center\",\"media_overlay_gradient\":\"\"},\"children\":[{\"type\":\"headline\",\"props\":{\"title_element\":\"h1\",\"content\":\"Terms and conditions\",\"title_style\":\"h2\",\"id\":\"page_title\",\"class\":\"page_title\",\"attributes\":\"\"},\"name\":\"Terms and conditions\"}]}]}],\"name\":\"Header title\"},{\"type\":\"section\",\"props\":{\"style\":\"default\",\"width\":\"default\",\"vertical_align\":\"middle\",\"title_position\":\"top-left\",\"title_rotation\":\"left\",\"title_breakpoint\":\"xl\",\"image_position\":\"center-center\",\"padding\":\"small\"},\"children\":[{\"type\":\"row\",\"children\":[{\"type\":\"column\",\"props\":{\"image_position\":\"center-center\",\"media_overlay_gradient\":\"\"},\"children\":[{\"type\":\"headline\",\"props\":{\"title_element\":\"h4\",\"content\":\"Termos e Condi\\u00e7\\u00f5es de Utiliza\\u00e7\\u00e3o\",\"title_style\":\"h3\",\"title_color\":\"secondary\",\"title_font_family\":\"primary\",\"margin_remove_top\":false,\"margin\":\"medium\",\"margin_remove_bottom\":true,\"block_align_breakpoint\":\"m\",\"block_align_fallback\":\"center\",\"text_align\":\"left\",\"text_align_fallback\":\"center\"},\"name\":\"\"},{\"type\":\"text\",\"props\":{\"margin\":\"default\",\"column_breakpoint\":\"m\",\"content\":\"\n\n<p>O Centro de Investiga\\u00e7\\u00e3o em Ci\\u00eancias Econ\\u00f3micas e Empresariais da Universidade Aut\\u00f3noma de Lisboa aconselha a leitura atenta dos seguintes termos antes de aceder ao site institucional \\u201ccicee.autonoma.pt\\u201d<\\\/p>\\n\n\n<p>Ao ter acesso ao site, declara o utilizador ter lido, compreendido e aceitado os Termos e Condi\\u00e7\\u00f5es abaixo descritos, sem necessidade de qualquer ato ou consentimento posterior. Os referidos termos podem, a qualquer momento, ser alterados pela CEU, Cooperativa de Ensino Universit\\u00e1rio, entidade instituidora e detentora dos direitos da Universidade Aut\\u00f3noma de Lisboa, tendo presente que as altera\\u00e7\\u00f5es entram em vigor a partir da data da sua coloca\\u00e7\\u00e3o no site, em 22 de fevereiro de 2019.<\\\/p>\",\"text_size\":\"small\",\"text_color\":\"muted\",\"text_align_breakpoint\":\"m\",\"text_align_fallback\":\"center\",\"block_align_breakpoint\":\"m\",\"block_align_fallback\":\"center\"},\"name\":\"\"},{\"type\":\"headline\",\"props\":{\"title_element\":\"h4\",\"content\":\"Direitos de Autor e de Propriedade Intelectual\",\"title_style\":\"h3\",\"title_color\":\"secondary\",\"title_font_family\":\"primary\",\"margin_remove_top\":false,\"margin\":\"medium\",\"margin_remove_bottom\":true,\"block_align_breakpoint\":\"m\",\"block_align_fallback\":\"center\",\"text_align\":\"left\",\"text_align_fallback\":\"center\"},\"name\":\"\"},{\"type\":\"text\",\"props\":{\"margin\":\"default\",\"column_breakpoint\":\"m\",\"content\":\"\n\n<p>A marca \\u201cUAL\\u201d, os dados a seu respeito, log\\u00f3tipos em geral e todo o conte\\u00fado deste site, s\\u00e3o propriedade da CEU, CRL, entidade instituidora e detentora dos direitos da Universidade Aut\\u00f3noma de Lisboa, e como tal, est\\u00e3o protegidas pela legisla\\u00e7\\u00e3o nacional e internacional de prote\\u00e7\\u00e3o da Propriedade Intelectual e Direitos de Autor.<\\\/p>\\n\n\n<p>Todos os conte\\u00fados presentes no nosso site est\\u00e3o protegidos por lei, sendo expressamente proibida qualquer c\\u00f3pia, transmiss\\u00e3o, utiliza\\u00e7\\u00e3o, modifica\\u00e7\\u00e3o, venda, publica\\u00e7\\u00e3o ou quaisquer outras utiliza\\u00e7\\u00f5es, por quaisquer meios, \\u00e0 exce\\u00e7\\u00e3o das previstas na Lei ou com a pr\\u00e9via autoriza\\u00e7\\u00e3o da Universidade Aut\\u00f3noma de Lisboa.<\\\/p>\\n\n\n<p>No caso de realizar cita\\u00e7\\u00f5es e men\\u00e7\\u00f5es da fonte, dever\\u00e1 ser identificada a Universidade Aut\\u00f3noma de Lisboa e o endere\\u00e7o de Web dos conte\\u00fados consultados, com indica\\u00e7\\u00e3o das datas de consulta e de atualiza\\u00e7\\u00e3o dos mesmos conte\\u00fados.<\\\/p>\",\"text_size\":\"small\",\"text_color\":\"muted\",\"text_align_breakpoint\":\"m\",\"text_align_fallback\":\"center\",\"block_align_breakpoint\":\"m\",\"block_align_fallback\":\"center\"},\"name\":\"\"},{\"type\":\"headline\",\"props\":{\"title_element\":\"h4\",\"content\":\"Atua\\u00e7\\u00e3o dos utilizadores\",\"title_style\":\"h3\",\"title_color\":\"secondary\",\"title_font_family\":\"primary\",\"margin_remove_top\":false,\"margin\":\"medium\",\"margin_remove_bottom\":true,\"block_align_breakpoint\":\"m\",\"block_align_fallback\":\"center\",\"text_align\":\"left\",\"text_align_fallback\":\"center\"},\"name\":\"\"},{\"type\":\"text\",\"props\":{\"margin\":\"default\",\"column_breakpoint\":\"m\",\"content\":\"\n\n<p><span>Est\\u00e1 expressamente proibida a utiliza\\u00e7\\u00e3o do site para fins il\\u00edcitos que atentem contra a moral ou que tenham como finalidade, atentar contra os princ\\u00edpios e normas que visam a reputa\\u00e7\\u00e3o da marca \\u201cUAL\\u201d. \\u00c9 expressamente proibido ao utilizador criar ou introduzir neste site quaisquer tipos de v\\u00edrus, worms, cavalos de Tr\\u00f3ia, scripts ou qualquer outro c\\u00f3digo ou programa que contenham propriedades destrutivas ou prejudiciais do site.<\\\/span><\\\/p>\",\"text_size\":\"small\",\"text_color\":\"muted\",\"text_align_breakpoint\":\"m\",\"text_align_fallback\":\"center\",\"block_align_breakpoint\":\"m\",\"block_align_fallback\":\"center\"},\"name\":\"\"}]}]}],\"name\":\"Pol\\u00edtica de Privacidade\"}],\"version\":\"2.5.8\"} --><\/p>\n","protected":false},"excerpt":{"rendered":"<p>Terms and conditions Termos e Condi\u00e7\u00f5es de Utiliza\u00e7\u00e3o O Centro de Investiga\u00e7\u00e3o em Ci\u00eancias Econ\u00f3micas e Empresariais da Universidade Aut\u00f3noma de Lisboa aconselha a leitura atenta dos seguintes termos antes de aceder ao site institucional \u201ccicee.autonoma.pt\u201d Ao ter acesso ao site, declara o utilizador ter lido, compreendido e aceitado os Termos e Condi\u00e7\u00f5es abaixo descritos, [&hellip;]<\/p>\n","protected":false},"author":12,"featured_media":0,"parent":2737,"menu_order":129,"comment_status":"closed","ping_status":"closed","template":"","meta":{"_acf_changed":false,"footnotes":""},"class_list":["post-2098","page","type-page","status-publish","hentry"],"acf":[],"_links":{"self":[{"href":"https:\/\/cicee.autonoma.pt\/en\/wp-json\/wp\/v2\/pages\/2098","targetHints":{"allow":["GET"]}}],"collection":[{"href":"https:\/\/cicee.autonoma.pt\/en\/wp-json\/wp\/v2\/pages"}],"about":[{"href":"https:\/\/cicee.autonoma.pt\/en\/wp-json\/wp\/v2\/types\/page"}],"author":[{"embeddable":true,"href":"https:\/\/cicee.autonoma.pt\/en\/wp-json\/wp\/v2\/users\/12"}],"replies":[{"embeddable":true,"href":"https:\/\/cicee.autonoma.pt\/en\/wp-json\/wp\/v2\/comments?post=2098"}],"version-history":[{"count":1,"href":"https:\/\/cicee.autonoma.pt\/en\/wp-json\/wp\/v2\/pages\/2098\/revisions"}],"predecessor-version":[{"id":2788,"href":"https:\/\/cicee.autonoma.pt\/en\/wp-json\/wp\/v2\/pages\/2098\/revisions\/2788"}],"up":[{"embeddable":true,"href":"https:\/\/cicee.autonoma.pt\/en\/wp-json\/wp\/v2\/pages\/2737"}],"wp:attachment":[{"href":"https:\/\/cicee.autonoma.pt\/en\/wp-json\/wp\/v2\/media?parent=2098"}],"curies":[{"name":"wp","href":"https:\/\/api.w.org\/{rel}","templated":true}]}}