{"id":2095,"date":"2021-07-07T16:51:30","date_gmt":"2021-07-07T16:51:30","guid":{"rendered":"https:\/\/cicee.stg.mind-shaker.com\/privacy-policy\/"},"modified":"2021-07-22T16:09:55","modified_gmt":"2021-07-22T15:09:55","slug":"privacy-policy","status":"publish","type":"page","link":"https:\/\/cicee.autonoma.pt\/en\/privacy\/privacy-policy\/","title":{"rendered":"Privacy Policy"},"content":{"rendered":"<h1>Privacy Policy<\/h1>\n<h4>Pol\u00edtica de Privacidade<\/h4>\n<div>\n<p>O Centro de Investiga\u00e7\u00e3o em Ci\u00eancias Econ\u00f3micas e Empresariais da Universidade Aut\u00f3noma de Lisboa est\u00e1 empenhada em respeitar a privacidade dos seus utilizadores.<\/p>\n<p>O Utilizador, ao enviar informa\u00e7\u00e3o atrav\u00e9s do site do Centro de Investiga\u00e7\u00e3o em Ci\u00eancias Econ\u00f3micas e Empresariais da Universidade Aut\u00f3noma de Lisboa, declara e garante que tem poderes e capacidade para o fazer.<\/p>\n<\/div>\n<h4>Identifica\u00e7\u00e3o do respons\u00e1vel pelo tratamento dos dados<\/h4>\n<ul>\n<li>\n<div>Cooperativa de Ensino Universit\u00e1rio CRL, entidade instituidora da Universidade Aut\u00f3noma de Lisboa<\/div>\n<\/li>\n<li>\n<div>Rua de Santa Marta 47 2\u00ba 1150-293 Lisboa<\/div>\n<\/li>\n<li>\n<p><a href=\"mailto:privacidade@autonoma.pt\">privacidade@autonoma.pt<\/a><\/p>\n<\/li>\n<\/ul>\n<h4>Dados recolhidos<\/h4>\n<div>O Centro de Investiga\u00e7\u00e3o em Ci\u00eancias Econ\u00f3micas e Empresariais da Universidade Aut\u00f3noma de Lisboa, atrav\u00e9s do Google Analytics, recolhe os seguintes dados agregados:<\/div>\n<ul>\n<li>\n<div>Origem geogr\u00e1fica (cidade, pa\u00eds),<\/div>\n<\/li>\n<li>\n<div>idioma,<\/div>\n<\/li>\n<li>\n<div>tipo de dispositivo,<\/div>\n<\/li>\n<li>\n<div>sistema operativo,<\/div>\n<\/li>\n<li>\n<div>browser,<\/div>\n<\/li>\n<li>\n<div>operadora,<\/div>\n<\/li>\n<li>\n<div>data e hora do acesso<\/div>\n<\/li>\n<li>\n<div>endere\u00e7os dos dados de referencia\u00e7\u00e3o,<\/div>\n<\/li>\n<li>\n<div>endere\u00e7o de IP.<\/div>\n<\/li>\n<\/ul>\n<div>\n<p>O Centro de Investiga\u00e7\u00e3o em Ci\u00eancias Econ\u00f3micas e Empresariais da Universidade Aut\u00f3noma de Lisboa monitorizar\u00e1 toda a informa\u00e7\u00e3o estat\u00edstica relativa \u00e0 utiliza\u00e7\u00e3o do site de forma agregada e an\u00f3nima. Os dados utilizados para este fim n\u00e3o cont\u00eam dados de identifica\u00e7\u00e3o pessoal ou informa\u00e7\u00e3o privada.<\/p>\n<p>As an\u00e1lises efetuadas a partir dessa informa\u00e7\u00e3o ser\u00e3o efetuadas para interpretar os padr\u00f5es de utiliza\u00e7\u00e3o do site e melhorar os n\u00edveis de servi\u00e7o e a satisfa\u00e7\u00e3o do utilizador. Essa informa\u00e7\u00e3o poder\u00e1 ser revelada a terceiros ou publicamente.<\/p>\n<p>O Centro de Investiga\u00e7\u00e3o em Ci\u00eancias Econ\u00f3micas e Empresariais utiliza, ainda, cookies no site de forma a melhorar o desempenho e experi\u00eancia do utilizador.<\/p>\n<p>\u201cCookies\u201d s\u00e3o pequenos ficheiros de texto que s\u00e3o armazenados no seu computador ou no seu dispositivo m\u00f3vel atrav\u00e9s do seu browser, retendo apenas informa\u00e7\u00e3o gen\u00e9rica relacionada com as prefer\u00eancias do utilizador; permitem aceder a \u00e1reas espec\u00edficas do site e a uma navega\u00e7\u00e3o mais r\u00e1pida e eficiente, eliminando a necessidade de introduzir repetidamente as mesmas informa\u00e7\u00f5es.<\/p>\n<p>Os utilizadores do site ao clicarem no banner dos cookies ou ao prosseguirem com a navega\u00e7\u00e3o no site do Centro de Investiga\u00e7\u00e3o em Psicologia do Departamento de Psicologia da Universidade Aut\u00f3noma de Lisboa est\u00e3o a aceitar a inser\u00e7\u00e3o das cookies nos respetivos dispositivos acima mencionados, sem preju\u00edzo do controlo e gest\u00e3o dispon\u00edveis.<\/p>\n<p>Atrav\u00e9s dos browsers, qualquer utilizador poder\u00e1 aceitar, recusar ou apagar cookies, nomeadamente atrav\u00e9s da sele\u00e7\u00e3o das defini\u00e7\u00f5es apropriadas no respetivo browser. A qualquer momento o utilizador pode, atrav\u00e9s do mesmo, decidir ser notificado sobre a recep\u00e7\u00e3o de cookies, bem como bloquear a respetiva entrada no seu sistema. A remo\u00e7\u00e3o ou bloqueio das cookies no site pode limitar o acesso a algumas \u00e1reas do mesmo.<\/p>\n<p>O Centro de Investiga\u00e7\u00e3o em Ci\u00eancias Econ\u00f3micas e Empresariais pode tamb\u00e9m utilizar web beacons (incluindo conversion pixels) ou outras tecnologias para finalidades semelhantes \u00e0s identificadas supra, incluindo-as no seu site, em emails de marketing ou nas nossas Newsletters para determinar se as mensagens foram abertas e se foram feitos cliques nos links disponibilizados. Os web beacons n\u00e3o colocam informa\u00e7\u00e3o nos computadores dos utilizadores, mas podem, em conjun\u00e7\u00e3o com os cookies, permitir a monitoriza\u00e7\u00e3o da atividade do site. Conversion pixels s\u00e3o pequenos c\u00f3digos localizados numa p\u00e1gina web que s\u00e3o ativados quando algu\u00e9m visita essa p\u00e1gina.<\/p>\n<\/div>\n<h4>O que fazemos com os seus dados (finalidades)<\/h4>\n<div>Publica\u00e7\u00e3o no site cicee.autonoma.pt dos seguintes dados pessoais dos Investigadores: Nome, Categoria, Fotografia, Nota Biogr\u00e1fica, Link DeG\u00f3is (caso n\u00e3o tenha migrado para CI\u00caNCIAVITAE. Fonte acess\u00edvel ao p\u00fablico),  Link CI\u00caNCIAVITAE (fonte acess\u00edvel ao p\u00fablico), Link ORCID (fonte acess\u00edvel ao p\u00fablico), Email.<\/div>\n<h4>Os seus direitos<\/h4>\n<div>Consentimento.<\/div>\n<h4>Durante quanto tempo armazenamos os seus dados<\/h4>\n<div>Ser\u00e3o conservados enquanto o Titular dos Dados n\u00e3o retirar o seu Consentimento.<\/div>\n<h4>Tratamento dos dados<\/h4>\n<div>N\u00e3o ser\u00e3o objeto de tratamento para decis\u00f5es individuais automatizadas, nem para defini\u00e7\u00e3o de perfis<\/div>\n<h4>Medidas implementadas para prote\u00e7\u00e3o dos seus dados contra o acesso, a altera\u00e7\u00e3o ou a destrui\u00e7\u00e3o n\u00e3o autorizada<\/h4>\n<div>\n<p>O Centro de Investiga\u00e7\u00e3o em Ci\u00eancias Econ\u00f3micas e Empresariais toma as precau\u00e7\u00f5es necess\u00e1rias e legalmente exigidas para garantir a prote\u00e7\u00e3o da informa\u00e7\u00e3o recolhida junto dos seus investigadores e utilizadores.<\/p>\n<p>Na fotografia ser\u00e1 colocada a marca de \u00e1gua<\/p>\n<p>Entre outras, est\u00e3o implementadas as seguintes medidas t\u00e9cnicas e organizacionais para garantir a seguran\u00e7a e confidencialidade dos dados pessoais: seguran\u00e7a f\u00edsica (atrav\u00e9s de controlo de acessos), separa\u00e7\u00e3o l\u00f3gica dos registos,\u00a0<em>passwords<\/em>\u00a0de acesso e n\u00edveis de acesso,\u00a0<em>firewalls<\/em>\u00a0e programas antiv\u00edrus.<\/p>\n<\/div>\n<h4>Os seus direitos<\/h4>\n<div>\n<p>Todos os dados pessoais s\u00e3o tratados de acordo com os termos do previsto no Regulamento UE 2016\/679 do Parlamento Europeu e do Conselho, tendo os titulares dos dados pessoais direito de aceder, livremente e sem restri\u00e7\u00f5es, confirmando, retificando, apagando ou bloqueando os dados que hajam facultado, bem como o direito \u00e0 portabilidade e \u00e0 limita\u00e7\u00e3o do tratamento no que disser respeito ao titular dos dados, ou do direito de se opor ao tratamento, podendo exerc\u00ea-lo por escrito, pessoalmente nas nossas instala\u00e7\u00f5es ou atrav\u00e9s do email privacidade@autonoma.pt, a todo momento e sem qualquer encargo.<\/p>\n<p>O Titular dos dados tem o direito de retirar o seu consentimento a qualquer altura devendo para o efeito contactar-nos atrav\u00e9s do email\u00a0<a href=\"mailto:privacidade@autonoma.pt\">privacidade@autonoma.pt<\/a><\/p>\n<p>O titular dos Dados tem o direito de apresentar reclama\u00e7\u00e3o \u00e0 Comiss\u00e3o Nacional de Prote\u00e7\u00e3o de Dados ou a qualquer outra autoridade de controlo<\/p>\n<\/div>\n<h4>O Titular dos dados tem o direito de retirar o seu consentimento a todo o momento, podendo exerc\u00ea-lo por escrito, pessoalmente nas nossas instala\u00e7\u00f5es ou atrav\u00e9s do email <a href=\"mailto:privacidade@autonoma.pt\">privacidade@autonoma.pt<\/a><\/h4>\n<div>O Titular dos Dados tem o direito de apresentar reclama\u00e7\u00e3o \u00e0 Comiss\u00e3o Nacional de Prote\u00e7\u00e3o de Dados ou a qualquer outra autoridade de controlo.<\/div>\n<p><!--more--><br \/>\n<!-- {\"name\":\"_Pol\\u00edtica de Privacidade\",\"type\":\"layout\",\"children\":[{\"type\":\"section\",\"props\":{\"style\":\"default\",\"width\":\"default\",\"vertical_align\":\"middle\",\"title_position\":\"top-left\",\"title_rotation\":\"left\",\"title_breakpoint\":\"xl\",\"image_position\":\"center-center\",\"animation\":\"fade\",\"padding_remove_bottom\":true},\"children\":[{\"type\":\"row\",\"props\":{\"attributes\":\"\"},\"children\":[{\"type\":\"column\",\"props\":{\"image_position\":\"center-center\",\"media_overlay_gradient\":\"\"},\"children\":[{\"type\":\"headline\",\"props\":{\"title_element\":\"h1\",\"content\":\"Privacy Policy\",\"title_style\":\"h2\",\"id\":\"page_title\",\"class\":\"page_title\",\"attributes\":\"\"},\"name\":\"Privacy Policy\"}]}]}],\"name\":\"Header title\"},{\"type\":\"section\",\"props\":{\"style\":\"default\",\"width\":\"default\",\"vertical_align\":\"middle\",\"title_position\":\"top-left\",\"title_rotation\":\"left\",\"title_breakpoint\":\"xl\",\"image_position\":\"center-center\",\"padding\":\"small\"},\"children\":[{\"type\":\"row\",\"children\":[{\"type\":\"column\",\"props\":{\"image_position\":\"center-center\",\"media_overlay_gradient\":\"\"},\"children\":[{\"type\":\"headline\",\"props\":{\"title_element\":\"h4\",\"content\":\"Pol\\u00edtica de Privacidade\",\"title_style\":\"h3\",\"title_color\":\"secondary\",\"title_font_family\":\"primary\",\"margin_remove_top\":false,\"margin\":\"medium\",\"margin_remove_bottom\":true,\"block_align_breakpoint\":\"m\",\"block_align_fallback\":\"center\",\"text_align\":\"left\",\"text_align_fallback\":\"center\"},\"name\":\"\"},{\"type\":\"text\",\"props\":{\"margin\":\"default\",\"column_breakpoint\":\"m\",\"content\":\"\n\n<p>O Centro de Investiga\\u00e7\\u00e3o em Ci\\u00eancias Econ\\u00f3micas e Empresariais da Universidade Aut\\u00f3noma de Lisboa est\\u00e1 empenhada em respeitar a privacidade dos seus utilizadores.<\\\/p>\\n\n\n<p>O Utilizador, ao enviar informa\\u00e7\\u00e3o atrav\\u00e9s do site do Centro de Investiga\\u00e7\\u00e3o em Ci\\u00eancias Econ\\u00f3micas e Empresariais da Universidade Aut\\u00f3noma de Lisboa, declara e garante que tem poderes e capacidade para o fazer.<\\\/p>\",\"text_size\":\"small\",\"text_color\":\"muted\",\"text_align_breakpoint\":\"m\",\"text_align_fallback\":\"center\",\"block_align_breakpoint\":\"m\",\"block_align_fallback\":\"center\"},\"name\":\"\"},{\"type\":\"headline\",\"props\":{\"title_element\":\"h4\",\"content\":\"Identifica\\u00e7\\u00e3o do respons\\u00e1vel pelo tratamento dos dados\",\"title_style\":\"h3\",\"title_color\":\"secondary\",\"title_font_family\":\"primary\",\"margin_remove_top\":false,\"margin\":\"medium\",\"margin_remove_bottom\":true,\"block_align_breakpoint\":\"m\",\"block_align_fallback\":\"center\",\"text_align\":\"left\",\"text_align_fallback\":\"center\"},\"name\":\"\"},{\"type\":\"list\",\"props\":{\"show_image\":true,\"show_link\":true,\"list_element\":\"ul\",\"column_breakpoint\":\"m\",\"image_svg_color\":\"emphasis\",\"image_align\":\"left\",\"image_vertical_align\":true,\"list_marker\":\"hyphen\",\"list_marker_color\":\"\",\"list_size\":\"\",\"class\":\"\",\"content_style\":\"muted\",\"icon\":\"\"},\"children\":[{\"type\":\"list_item\",\"props\":{\"content\":\"Cooperativa de Ensino Universit\\u00e1rio CRL, entidade instituidora da Universidade Aut\\u00f3noma de Lisboa\",\"icon\":\"\",\"icon_color\":\"primary\"}},{\"type\":\"list_item\",\"props\":{\"content\":\"Rua de Santa Marta 47 2\\u00ba 1150-293 Lisboa\",\"icon_color\":\"primary\",\"icon\":\"\"}},{\"type\":\"list_item\",\"props\":{\"content\":\"privacidade@autonoma.pt\",\"link\":\"mailto:privacidade@autonoma.pt\",\"icon\":\"link\",\"icon_color\":\"primary\"}}]},{\"type\":\"headline\",\"props\":{\"title_element\":\"h4\",\"content\":\"Dados recolhidos\",\"title_style\":\"h3\",\"title_color\":\"secondary\",\"title_font_family\":\"primary\",\"margin_remove_top\":false,\"margin\":\"medium\",\"margin_remove_bottom\":true,\"block_align_breakpoint\":\"m\",\"block_align_fallback\":\"center\",\"text_align\":\"left\",\"text_align_fallback\":\"center\"},\"name\":\"\"},{\"type\":\"text\",\"props\":{\"margin\":\"default\",\"column_breakpoint\":\"m\",\"content\":\"O Centro de Investiga\\u00e7\\u00e3o em Ci\\u00eancias Econ\\u00f3micas e Empresariais da Universidade Aut\\u00f3noma de Lisboa, atrav\\u00e9s do Google Analytics, recolhe os seguintes dados agregados:\",\"text_size\":\"small\",\"text_color\":\"muted\",\"text_align_breakpoint\":\"m\",\"text_align_fallback\":\"center\",\"block_align_breakpoint\":\"m\",\"block_align_fallback\":\"center\"},\"name\":\"\"},{\"type\":\"list\",\"props\":{\"show_image\":false,\"show_link\":false,\"list_element\":\"ul\",\"column_breakpoint\":\"m\",\"image_svg_color\":\"emphasis\",\"image_align\":\"left\",\"image_vertical_align\":true,\"list_marker\":\"hyphen\",\"list_marker_color\":\"\",\"list_size\":\"\",\"class\":\"\",\"content_style\":\"muted\",\"icon\":\"\"},\"children\":[{\"type\":\"list_item\",\"props\":{\"content\":\"Origem geogr\\u00e1fica (cidade, pa\\u00eds),\",\"icon\":\"\",\"icon_color\":\"primary\"}},{\"type\":\"list_item\",\"props\":{\"content\":\"idioma,\",\"icon_color\":\"primary\",\"icon\":\"\"}},{\"type\":\"list_item\",\"props\":{\"content\":\"tipo de dispositivo,\",\"link\":\"\",\"icon\":\"\"}},{\"type\":\"list_item\",\"props\":{\"content\":\"sistema operativo,\"}},{\"type\":\"list_item\",\"props\":{\"content\":\"browser,\"}},{\"type\":\"list_item\",\"props\":{\"content\":\"operadora,\"}},{\"type\":\"list_item\",\"props\":{\"content\":\"data e hora do acesso\"}},{\"type\":\"list_item\",\"props\":{\"content\":\"endere\\u00e7os dos dados de referencia\\u00e7\\u00e3o,\"}},{\"type\":\"list_item\",\"props\":{\"content\":\"endere\\u00e7o de IP.\"}}]},{\"type\":\"text\",\"props\":{\"margin\":\"default\",\"column_breakpoint\":\"m\",\"content\":\"\n\n<p>O Centro de Investiga\\u00e7\\u00e3o em Ci\\u00eancias Econ\\u00f3micas e Empresariais da Universidade Aut\\u00f3noma de Lisboa monitorizar\\u00e1 toda a informa\\u00e7\\u00e3o estat\\u00edstica relativa \\u00e0 utiliza\\u00e7\\u00e3o do site de forma agregada e an\\u00f3nima. Os dados utilizados para este fim n\\u00e3o cont\\u00eam dados de identifica\\u00e7\\u00e3o pessoal ou informa\\u00e7\\u00e3o privada.<\\\/p>\\n\n\n<p>As an\\u00e1lises efetuadas a partir dessa informa\\u00e7\\u00e3o ser\\u00e3o efetuadas para interpretar os padr\\u00f5es de utiliza\\u00e7\\u00e3o do site e melhorar os n\\u00edveis de servi\\u00e7o e a satisfa\\u00e7\\u00e3o do utilizador. Essa informa\\u00e7\\u00e3o poder\\u00e1 ser revelada a terceiros ou publicamente.<\\\/p>\\n\n\n<p>O Centro de Investiga\\u00e7\\u00e3o em Ci\\u00eancias Econ\\u00f3micas e Empresariais utiliza, ainda, cookies no site de forma a melhorar o desempenho e experi\\u00eancia do utilizador.<\\\/p>\\n\n\n<p>\\u201cCookies\\u201d s\\u00e3o pequenos ficheiros de texto que s\\u00e3o armazenados no seu computador ou no seu dispositivo m\\u00f3vel atrav\\u00e9s do seu browser, retendo apenas informa\\u00e7\\u00e3o gen\\u00e9rica relacionada com as prefer\\u00eancias do utilizador; permitem aceder a \\u00e1reas espec\\u00edficas do site e a uma navega\\u00e7\\u00e3o mais r\\u00e1pida e eficiente, eliminando a necessidade de introduzir repetidamente as mesmas informa\\u00e7\\u00f5es.<\\\/p>\\n\n\n<p>Os utilizadores do site ao clicarem no banner dos cookies ou ao prosseguirem com a navega\\u00e7\\u00e3o no site do Centro de Investiga\\u00e7\\u00e3o em Psicologia do Departamento de Psicologia da Universidade Aut\\u00f3noma de Lisboa est\\u00e3o a aceitar a inser\\u00e7\\u00e3o das cookies nos respetivos dispositivos acima mencionados, sem preju\\u00edzo do controlo e gest\\u00e3o dispon\\u00edveis.<\\\/p>\\n\n\n<p>Atrav\\u00e9s dos browsers, qualquer utilizador poder\\u00e1 aceitar, recusar ou apagar cookies, nomeadamente atrav\\u00e9s da sele\\u00e7\\u00e3o das defini\\u00e7\\u00f5es apropriadas no respetivo browser. A qualquer momento o utilizador pode, atrav\\u00e9s do mesmo, decidir ser notificado sobre a recep\\u00e7\\u00e3o de cookies, bem como bloquear a respetiva entrada no seu sistema. A remo\\u00e7\\u00e3o ou bloqueio das cookies no site pode limitar o acesso a algumas \\u00e1reas do mesmo.<\\\/p>\\n\n\n<p>O Centro de Investiga\\u00e7\\u00e3o em Ci\\u00eancias Econ\\u00f3micas e Empresariais pode tamb\\u00e9m utilizar web beacons (incluindo conversion pixels) ou outras tecnologias para finalidades semelhantes \\u00e0s identificadas supra, incluindo-as no seu site, em emails de marketing ou nas nossas Newsletters para determinar se as mensagens foram abertas e se foram feitos cliques nos links disponibilizados. Os web beacons n\\u00e3o colocam informa\\u00e7\\u00e3o nos computadores dos utilizadores, mas podem, em conjun\\u00e7\\u00e3o com os cookies, permitir a monitoriza\\u00e7\\u00e3o da atividade do site. Conversion pixels s\\u00e3o pequenos c\\u00f3digos localizados numa p\\u00e1gina web que s\\u00e3o ativados quando algu\\u00e9m visita essa p\\u00e1gina.<\\\/p>\",\"text_size\":\"small\",\"text_color\":\"muted\",\"text_align_breakpoint\":\"m\",\"text_align_fallback\":\"center\",\"block_align_breakpoint\":\"m\",\"block_align_fallback\":\"center\"},\"name\":\"\"},{\"type\":\"headline\",\"props\":{\"title_element\":\"h4\",\"content\":\"O que fazemos com os seus dados (finalidades)\",\"title_style\":\"h3\",\"title_color\":\"secondary\",\"title_font_family\":\"primary\",\"margin_remove_top\":false,\"margin\":\"medium\",\"margin_remove_bottom\":true,\"block_align_breakpoint\":\"m\",\"block_align_fallback\":\"center\",\"text_align\":\"left\",\"text_align_fallback\":\"center\"},\"name\":\"\"},{\"type\":\"text\",\"props\":{\"margin\":\"default\",\"column_breakpoint\":\"m\",\"content\":\"Publica\\u00e7\\u00e3o no site cicee.autonoma.pt dos seguintes dados pessoais dos Investigadores: Nome, Categoria, Fotografia, Nota Biogr\\u00e1fica, Link DeG\\u00f3is (caso n\\u00e3o tenha migrado para CI\\u00caNCIAVITAE. Fonte acess\\u00edvel ao p\\u00fablico),  Link CI\\u00caNCIAVITAE (fonte acess\\u00edvel ao p\\u00fablico), Link ORCID (fonte acess\\u00edvel ao p\\u00fablico), Email.\",\"text_size\":\"small\",\"text_color\":\"muted\",\"text_align_breakpoint\":\"m\",\"text_align_fallback\":\"center\",\"block_align_breakpoint\":\"m\",\"block_align_fallback\":\"center\"},\"name\":\"\"},{\"type\":\"headline\",\"props\":{\"title_element\":\"h4\",\"content\":\"Os seus direitos\",\"title_style\":\"h3\",\"title_color\":\"secondary\",\"title_font_family\":\"primary\",\"margin_remove_top\":false,\"margin\":\"medium\",\"margin_remove_bottom\":true,\"block_align_breakpoint\":\"m\",\"block_align_fallback\":\"center\",\"text_align\":\"left\",\"text_align_fallback\":\"center\"},\"name\":\"\"},{\"type\":\"text\",\"props\":{\"margin\":\"default\",\"column_breakpoint\":\"m\",\"content\":\"Consentimento.\",\"text_size\":\"small\",\"text_color\":\"muted\",\"text_align_breakpoint\":\"m\",\"text_align_fallback\":\"center\",\"block_align_breakpoint\":\"m\",\"block_align_fallback\":\"center\"},\"name\":\"\"},{\"type\":\"headline\",\"props\":{\"title_element\":\"h4\",\"content\":\"Durante quanto tempo armazenamos os seus dados\",\"title_style\":\"h3\",\"title_color\":\"secondary\",\"title_font_family\":\"primary\",\"margin_remove_top\":false,\"margin\":\"medium\",\"margin_remove_bottom\":true,\"block_align_breakpoint\":\"m\",\"block_align_fallback\":\"center\",\"text_align\":\"left\",\"text_align_fallback\":\"center\"},\"name\":\"\"},{\"type\":\"text\",\"props\":{\"margin\":\"default\",\"column_breakpoint\":\"m\",\"content\":\"Ser\\u00e3o conservados enquanto o Titular dos Dados n\\u00e3o retirar o seu Consentimento.\",\"text_size\":\"small\",\"text_color\":\"muted\",\"text_align_breakpoint\":\"m\",\"text_align_fallback\":\"center\",\"block_align_breakpoint\":\"m\",\"block_align_fallback\":\"center\"},\"name\":\"\"},{\"type\":\"headline\",\"props\":{\"title_element\":\"h4\",\"content\":\"Tratamento dos dados\",\"title_style\":\"h3\",\"title_color\":\"secondary\",\"title_font_family\":\"primary\",\"margin_remove_top\":false,\"margin\":\"medium\",\"margin_remove_bottom\":true,\"block_align_breakpoint\":\"m\",\"block_align_fallback\":\"center\",\"text_align\":\"left\",\"text_align_fallback\":\"center\"},\"name\":\"\"},{\"type\":\"text\",\"props\":{\"margin\":\"default\",\"column_breakpoint\":\"m\",\"content\":\"N\\u00e3o ser\\u00e3o objeto de tratamento para decis\\u00f5es individuais automatizadas, nem para defini\\u00e7\\u00e3o de perfis\",\"text_size\":\"small\",\"text_color\":\"muted\",\"text_align_breakpoint\":\"m\",\"text_align_fallback\":\"center\",\"block_align_breakpoint\":\"m\",\"block_align_fallback\":\"center\"},\"name\":\"\"},{\"type\":\"headline\",\"props\":{\"title_element\":\"h4\",\"content\":\"Medidas implementadas para prote\\u00e7\\u00e3o dos seus dados contra o acesso, a altera\\u00e7\\u00e3o ou a destrui\\u00e7\\u00e3o n\\u00e3o autorizada\",\"title_style\":\"h3\",\"title_color\":\"secondary\",\"title_font_family\":\"primary\",\"margin_remove_top\":false,\"margin\":\"medium\",\"margin_remove_bottom\":true,\"block_align_breakpoint\":\"m\",\"block_align_fallback\":\"center\",\"text_align\":\"left\",\"text_align_fallback\":\"center\"},\"name\":\"\"},{\"type\":\"text\",\"props\":{\"margin\":\"default\",\"column_breakpoint\":\"m\",\"content\":\"\n\n<p>O Centro de Investiga\\u00e7\\u00e3o em Ci\\u00eancias Econ\\u00f3micas e Empresariais toma as precau\\u00e7\\u00f5es necess\\u00e1rias e legalmente exigidas para garantir a prote\\u00e7\\u00e3o da informa\\u00e7\\u00e3o recolhida junto dos seus investigadores e utilizadores.<\\\/p>\\n\n\n<p>Na fotografia ser\\u00e1 colocada a marca de \\u00e1gua<\\\/p>\\n\n\n<p>Entre outras, est\\u00e3o implementadas as seguintes medidas t\\u00e9cnicas e organizacionais para garantir a seguran\\u00e7a e confidencialidade dos dados pessoais: seguran\\u00e7a f\\u00edsica (atrav\\u00e9s de controlo de acessos), separa\\u00e7\\u00e3o l\\u00f3gica dos registos,\\u00a0<em>passwords<\\\/em>\\u00a0de acesso e n\\u00edveis de acesso,\\u00a0<em>firewalls<\\\/em>\\u00a0e programas antiv\\u00edrus.<\\\/p>\",\"text_size\":\"small\",\"text_color\":\"muted\",\"text_align_breakpoint\":\"m\",\"text_align_fallback\":\"center\",\"block_align_breakpoint\":\"m\",\"block_align_fallback\":\"center\"},\"name\":\"\"},{\"type\":\"headline\",\"props\":{\"title_element\":\"h4\",\"content\":\"Os seus direitos\",\"title_style\":\"h3\",\"title_color\":\"secondary\",\"title_font_family\":\"primary\",\"margin_remove_top\":false,\"margin\":\"medium\",\"margin_remove_bottom\":true,\"block_align_breakpoint\":\"m\",\"block_align_fallback\":\"center\",\"text_align\":\"left\",\"text_align_fallback\":\"center\"},\"name\":\"\"},{\"type\":\"text\",\"props\":{\"margin\":\"default\",\"column_breakpoint\":\"m\",\"content\":\"\n\n<p>Todos os dados pessoais s\\u00e3o tratados de acordo com os termos do previsto no Regulamento UE 2016\\\/679 do Parlamento Europeu e do Conselho, tendo os titulares dos dados pessoais direito de aceder, livremente e sem restri\\u00e7\\u00f5es, confirmando, retificando, apagando ou bloqueando os dados que hajam facultado, bem como o direito \\u00e0 portabilidade e \\u00e0 limita\\u00e7\\u00e3o do tratamento no que disser respeito ao titular dos dados, ou do direito de se opor ao tratamento, podendo exerc\\u00ea-lo por escrito, pessoalmente nas nossas instala\\u00e7\\u00f5es ou atrav\\u00e9s do email privacidade@autonoma.pt, a todo momento e sem qualquer encargo.<\\\/p>\\n\n\n<p>O Titular dos dados tem o direito de retirar o seu consentimento a qualquer altura devendo para o efeito contactar-nos atrav\\u00e9s do email\\u00a0<a href=\\\"mailto:privacidade@autonoma.pt\\\">privacidade@autonoma.pt<\\\/a><\\\/p>\\n\n\n<p>O titular dos Dados tem o direito de apresentar reclama\\u00e7\\u00e3o \\u00e0 Comiss\\u00e3o Nacional de Prote\\u00e7\\u00e3o de Dados ou a qualquer outra autoridade de controlo<\\\/p>\",\"text_size\":\"small\",\"text_color\":\"muted\",\"text_align_breakpoint\":\"m\",\"text_align_fallback\":\"center\",\"block_align_breakpoint\":\"m\",\"block_align_fallback\":\"center\"},\"name\":\"\"},{\"type\":\"headline\",\"props\":{\"title_element\":\"h4\",\"content\":\"O Titular dos dados tem o direito de retirar o seu consentimento a todo o momento, podendo exerc\\u00ea-lo por escrito, pessoalmente nas nossas instala\\u00e7\\u00f5es ou atrav\\u00e9s do email <a href=\\\"mailto:privacidade@autonoma.pt\\\">privacidade@autonoma.pt<\\\/a>\",\"title_style\":\"h4\",\"title_color\":\"secondary\",\"title_font_family\":\"primary\",\"margin_remove_top\":false,\"margin\":\"medium\",\"margin_remove_bottom\":true,\"block_align_breakpoint\":\"m\",\"block_align_fallback\":\"center\",\"text_align\":\"left\",\"text_align_fallback\":\"center\"},\"name\":\"\"},{\"type\":\"text\",\"props\":{\"margin\":\"default\",\"column_breakpoint\":\"m\",\"content\":\"O Titular dos Dados tem o direito de apresentar reclama\\u00e7\\u00e3o \\u00e0 Comiss\\u00e3o Nacional de Prote\\u00e7\\u00e3o de Dados ou a qualquer outra autoridade de controlo.\",\"text_size\":\"small\",\"text_color\":\"muted\",\"text_align_breakpoint\":\"m\",\"text_align_fallback\":\"center\",\"block_align_breakpoint\":\"m\",\"block_align_fallback\":\"center\"},\"name\":\"\"}]}]}],\"name\":\"Pol\\u00edtica de Privacidade\"}],\"version\":\"2.5.8\"} --><\/p>\n","protected":false},"excerpt":{"rendered":"<p>Privacy Policy Pol\u00edtica de Privacidade O Centro de Investiga\u00e7\u00e3o em Ci\u00eancias Econ\u00f3micas e Empresariais da Universidade Aut\u00f3noma de Lisboa est\u00e1 empenhada em respeitar a privacidade dos seus utilizadores. O Utilizador, ao enviar informa\u00e7\u00e3o atrav\u00e9s do site do Centro de Investiga\u00e7\u00e3o em Ci\u00eancias Econ\u00f3micas e Empresariais da Universidade Aut\u00f3noma de Lisboa, declara e garante que tem [&hellip;]<\/p>\n","protected":false},"author":12,"featured_media":0,"parent":2737,"menu_order":126,"comment_status":"closed","ping_status":"closed","template":"","meta":{"_acf_changed":false,"footnotes":""},"class_list":["post-2095","page","type-page","status-publish","hentry"],"acf":[],"_links":{"self":[{"href":"https:\/\/cicee.autonoma.pt\/en\/wp-json\/wp\/v2\/pages\/2095","targetHints":{"allow":["GET"]}}],"collection":[{"href":"https:\/\/cicee.autonoma.pt\/en\/wp-json\/wp\/v2\/pages"}],"about":[{"href":"https:\/\/cicee.autonoma.pt\/en\/wp-json\/wp\/v2\/types\/page"}],"author":[{"embeddable":true,"href":"https:\/\/cicee.autonoma.pt\/en\/wp-json\/wp\/v2\/users\/12"}],"replies":[{"embeddable":true,"href":"https:\/\/cicee.autonoma.pt\/en\/wp-json\/wp\/v2\/comments?post=2095"}],"version-history":[{"count":1,"href":"https:\/\/cicee.autonoma.pt\/en\/wp-json\/wp\/v2\/pages\/2095\/revisions"}],"predecessor-version":[{"id":2787,"href":"https:\/\/cicee.autonoma.pt\/en\/wp-json\/wp\/v2\/pages\/2095\/revisions\/2787"}],"up":[{"embeddable":true,"href":"https:\/\/cicee.autonoma.pt\/en\/wp-json\/wp\/v2\/pages\/2737"}],"wp:attachment":[{"href":"https:\/\/cicee.autonoma.pt\/en\/wp-json\/wp\/v2\/media?parent=2095"}],"curies":[{"name":"wp","href":"https:\/\/api.w.org\/{rel}","templated":true}]}}